{"id":22,"date":"2021-12-02T15:26:25","date_gmt":"2021-12-02T15:26:25","guid":{"rendered":"https:\/\/www.merlinproperties.com?page_id=22"},"modified":"2025-05-08T07:49:44","modified_gmt":"2025-05-08T07:49:44","slug":"politica-de-privacidade","status":"publish","type":"page","link":"https:\/\/www.merlinproperties.com\/pt\/politica-de-privacidade\/","title":{"rendered":"Pol\u00edtica de privacidade"},"content":{"rendered":"<p>A MERLIN, em cumprimento do previsto no Regulamento (UE) 2016\/679 do Parlamento Europeu e do Conselho, de 27 de abril de 2016, relativo \u00e0 prote\u00e7\u00e3o das pessoas singulares no que diz respeito ao tratamento de dados pessoais e \u00e0 livre circula\u00e7\u00e3o desses dados, doravante RGPD, bem como em cumprimento do regulamento nacional relativo \u00e0 Prote\u00e7\u00e3o de Dados de cara\u0301ter pessoal, informa abaixo dos seguintes aspetos relacionados com o tratamento de dados de cara\u0301ter pessoal atrave\u0301s do presente s\u00edtio Web:<\/p>\n<table>\n<tbody>\n<tr>\n<td colspan=\"2\"><strong>Informa\u00e7\u00f5es b\u00e1sicas sobre Prote\u00e7\u00e3o de Dados<\/strong><\/td>\n<\/tr>\n<tr>\n<td><strong>Respons\u00e1vel<\/strong><\/td>\n<td>MERLIN PROPERTIES SOCIMI, S.A., (doravante, \u201cMERLIN\u201d). <a href=\"#responsable\">Mais info<\/a><\/td>\n<\/tr>\n<tr>\n<td><strong>Finalidade<\/strong><\/td>\n<td>Os seus dados ser\u00e3o utilizados para estabelecer, manter e gerir a rela\u00e7\u00e3o comercial, contratual ou pr\u00e9-contratual processando as suas consultas e atendendo aos seus pedidos de informa\u00e7\u00e3o e\/ou emprego. <a href=\"#finalidad\">Mais info<\/a><\/td>\n<\/tr>\n<tr>\n<td><strong>Legitima\u00e7\u00e3o<\/strong><\/td>\n<td>Dependendo dos casos, os dados ser\u00e3o tratados com base no estabelecimento de medidas pr\u00e9-contratuais ou no interesse leg\u00edtimo da MERLIN. <a href=\"#finalidad\">Mais info<\/a><\/td>\n<\/tr>\n<tr>\n<td><strong>Destinat\u00e1rios<\/strong><\/td>\n<td>Partilharemos os seus dados com Terceiros aos quais a MERLIN esteja obrigada a transmitir informa\u00e7\u00f5es, tais como autoridades p\u00fablicas, e com prestadores de servi\u00e7os que nos ajudam ou d\u00e3o apoio, quer sejam empresas do Grupo empresarial ao qual a MERLIN pertence ou colaboradores externos.<br \/>\n<a href=\"#destinatarios\">Mais info<\/a><\/td>\n<\/tr>\n<tr>\n<td><strong>Direitos<\/strong><\/td>\n<td>Pode exercer os direitos reconhecidos nos artigos 15 a 22 do Regulamento (UE) 2016\/679 conforme lhe explicamos abaixo. <a href=\"#derechos\">Mais info<\/a><\/td>\n<\/tr>\n<tr>\n<td><strong>Informa\u00e7\u00f5es adicionais<\/strong><\/td>\n<td>Convidamo-lo a ler a nossa Pol\u00edtica de Privacidade completa abaixo para entender em detalhe o uso que faremos dos seus dados pessoais e dos direitos de que disp\u00f5e em rela\u00e7\u00e3o aos mesmos.<\/td>\n<\/tr>\n<\/tbody>\n<\/table>\n<p><a name=\"responsable\"><\/a><\/p>\n<p>&nbsp;<\/p>\n<h3>1. IDENTIFICA\u00c7\u00c3O DO RESPONS\u00c1VEL PELO TRATAMENTO<\/h3>\n<p>O presente documento regula a pol\u00edtica de privacidade do s\u00edtio Web propriedade da MERLIN (doravante, o <strong>\u00abS\u00edtio Web\u00bb<\/strong>).<\/p>\n<p>A MERLIN \u00e9 uma das principais empresas imobili\u00e1rias cotadas na Bolsa Espanhola (IBEX-35), dedicada principalmente \u00e0 aquisi\u00e7\u00e3o e gest\u00e3o de ativos imobili\u00e1rios terci\u00e1rios em Espanha e Portugal. No desenvolvimento da sua atividade, destacam-se tr\u00eas grandes mercados: escrit\u00f3rios, retail e log\u00edstica. Para sua informa\u00e7\u00e3o, abaixo indicam-se os dados identificativos da sociedade:<\/p>\n<p>Denomina\u00e7\u00e3o social: MERLIN PROPERTIES SOCIMI, S.A., (doravante, \u00abMERLIN\u00bb).<br \/>\nNIF: A-86977790<br \/>\nEndere\u00e7o: Paseo de la Castellana, 257, 28046, Madrid (Espanha).<br \/>\nEndere\u00e7o eletr\u00f3nico: <a href=\"mailto:protecciondedatos@MERLINprop.com\">protecciondedatos@MERLINprop.com<\/a><br \/>\nDados do registo: Inscrita no Registo Comercial de Madrid no tomo 32.065, f\u00f3lio 206, folha M-577.086.<\/p>\n<h4>1.1. AMPLIA\u00c7\u00c3O DESTA POL\u00cdTICA DE PRIVACIDADE<\/h4>\n<p>A presente Pol\u00edtica de Privacidade regula o tratamento de dados realizado pela MERLIN em rela\u00e7\u00e3o aos utilizadores que acedem ou que entram em contacto com a MERLIN atrav\u00e9s do S\u00edtio Web (www.MERLINproperties.com). O anterior abrangeria o tratamento de dados pessoais de (i) clientes e\/ou potenciais clientes, (ii) fornecedores e\/ou poss\u00edveis fornecedores, (iii) investidores e\/ou poss\u00edveis investidores, (iv) funcion\u00e1rios ou candidatos e (v) qualquer outro utilizador que aceda ou transmita informa\u00e7\u00f5es atrav\u00e9s do S\u00edtio Web. Portanto, a presente Pol\u00edtica de Privacidade reflete as informa\u00e7\u00f5es relativas ao tratamento no que diz respeito \u00e0s diferentes categorias de interessados indicadas.<\/p>\n<p><a name=\"finalidad\"><\/a><\/p>\n<p>&nbsp;<\/p>\n<h3>2. FINALIDADE E BASE LEGITIMADORA DO TRATAMENTO<\/h3>\n<p>Fica informado de que todos os dados que a MERLIN lhe solicitar ou lhe possa solicitar s\u00e3o necess\u00e1rios para as finalidades descritas na presente pol\u00edtica de privacidade e o facto de n\u00e3o os facilitar implicaria a impossibilidade de poder contactar consigo ou de gerir o pedido realizado pela MERLIN. Do mesmo modo, a MERLIN reserva-se o direito de n\u00e3o responder ou processar pedidos que n\u00e3o incluam os dados que lhe sejam solicitados.<\/p>\n<p>Garante a veracidade dos dados de car\u00e1ter pessoal proporcionados \u00e0 MERLIN. Pelo seu lado, a MERLIN poder\u00e1 solicitar-lhe periodicamente a revis\u00e3o e a atualiza\u00e7\u00e3o dos dados pessoais que conserva sobre si.<\/p>\n<p>No S\u00edtio Web pode encontrar informa\u00e7\u00f5es que podem ser \u00fateis para se informar sobre os servi\u00e7os oferecidos pela MERLIN. Neste sentido, a MERLIN s\u00f3 lhe solicitar\u00e1 e tratar\u00e1 dos dados necess\u00e1rios para processar a consulta realizada, prestar o servi\u00e7o contratado ou poder iniciar e manter uma rela\u00e7\u00e3o comercial, contratual e\/ou pr\u00e9-contratual consigo.<\/p>\n<p>Em seguida, descrevem-se as diferentes finalidades de tratamento dos seus dados pessoais e as bases que legitimam esse tratamento:<\/p>\n<ol>\n<li>Com base na aplica\u00e7\u00e3o de medidas pr\u00e9-contratuais: gerir a sua participa\u00e7\u00e3o num processo de sele\u00e7\u00e3o para fazer parte da empresa e processar devidamente a sua candidatura.<\/li>\n<li>Com base no interesse leg\u00edtimo da MERLIN: gerir os pedidos de informa\u00e7\u00f5es, consultas ou reclama\u00e7\u00f5es que possa realizar atrav\u00e9s dos diferentes formul\u00e1rios disponibilizados no S\u00edtio Web, de forma a podermos resolver o seu pedido da maneira mais eficaz e adequada poss\u00edvel.<\/li>\n<\/ol>\n<h4>2.1. TRATAMENTO DE DADOS ASSOCIADO \u00c0 SIMPLES NAVEGA\u00c7\u00c3O NA WEB<\/h4>\n<p>A simples navega\u00e7\u00e3o pelo S\u00edtio Web, regra geral, n\u00e3o implicar\u00e1 o tratamento dos seus dados pessoais para al\u00e9m de, em casos concretos, o seu endere\u00e7o IP e os dados relativos \u00e0 sua navega\u00e7\u00e3o, com o objetivo de gerir e otimizar o S\u00edtio Web, legitimado pelo interesse leg\u00edtimo da MERLIN de preservar a seguran\u00e7a e a integridade do S\u00edtio Web. Para mais informa\u00e7\u00f5es, pode consultar a nossa <a href=\"\/politica-de-cookies\/\">Pol\u00edtica de Cookies<\/a>.<br \/>\n<a name=\"destinatarios\"><\/a><\/p>\n<p>&nbsp;<\/p>\n<h3>3. TERCEIROS A QUEM SE PODE TRANSMITIR OS SEUS DADOS<\/h3>\n<p>Os dados pessoais que fornecer \u00e0 MERLIN poder\u00e3o ser comunicados \u00e0s seguintes categorias de destinat\u00e1rios:<\/p>\n<ul>\n<li>Terceiros a quem a MERLIN \u00e9 obrigada a transmitir informa\u00e7\u00f5es, como autoridades p\u00fablicas, com o objetivo de cumprir os requisitos das referidas autoridades e o regulamento aplic\u00e1vel, se for o caso.<\/li>\n<li>Empresas que fa\u00e7am parte do Grupo MERLIN PROPERTIES, com o objetivo de poder gerir adequadamente a sua rela\u00e7\u00e3o contratual ou pr\u00e9-contratual, como consequ\u00eancia da centraliza\u00e7\u00e3o de processos administrativos e inform\u00e1ticos existente dentro do Grupo.<\/li>\n<li>Auditores, advogados, empresas de contabilidade e outros consultores externos e fornecedores de produtos ou servi\u00e7os \u00e0 empresa.<\/li>\n<\/ul>\n<p>&nbsp;<\/p>\n<h3>4. SEGURAN\u00c7A DOS DADOS<\/h3>\n<p>A MERLIN disp\u00f5e de pol\u00edticas apropriadas e medidas t\u00e9cnicas e organizacionais para salvaguardar e proteger os seus dados pessoais contra o acesso ilegal ou n\u00e3o autorizado, perda ou destrui\u00e7\u00e3o acidental, danos, uso e divulga\u00e7\u00e3o ilegal ou n\u00e3o autorizada.<\/p>\n<p>Tamb\u00e9m tomaremos todas as precau\u00e7\u00f5es razo\u00e1veis para garantir que o nosso pessoal e os funcion\u00e1rios que t\u00eam acesso aos seus dados pessoais tenham recebido a forma\u00e7\u00e3o adequada.<\/p>\n<p>Em todo o caso, informa-se o utilizador que qualquer transmiss\u00e3o de dados atrav\u00e9s da Internet n\u00e3o \u00e9 totalmente segura e, como tal, realiza-se por sua conta e risco. Embora fa\u00e7amos o nosso maior esfor\u00e7o para proteger os seus dados pessoais, a MERLIN n\u00e3o pode garantir a seguran\u00e7a dos dados pessoais transmitidos atrav\u00e9s do nosso S\u00edtio Web.<\/p>\n<p>&nbsp;<\/p>\n<h3>5. CONSERVA\u00c7\u00c3O DOS DADOS<\/h3>\n<p>O prazo de conserva\u00e7\u00e3o dos seus dados ser\u00e1 determinado em fun\u00e7\u00e3o da dura\u00e7\u00e3o da sua rela\u00e7\u00e3o com a MERLIN e dos per\u00edodos legalmente estabelecidos. Neste sentido, os crit\u00e9rios que a MERLIN utiliza para fixar os prazos de conserva\u00e7\u00e3o dos seus dados foram determinados de acordo com os requisitos estabelecidos na legisla\u00e7\u00e3o, nos regulamentos e nas orienta\u00e7\u00f5es regulamentares aplic\u00e1veis, bem como nos requisitos operacionais da MERLIN relacionados com a gest\u00e3o correta da rela\u00e7\u00e3o existente com as diferentes categorias de titulares.<\/p>\n<p>Depois de terminada a sua rela\u00e7\u00e3o, proceder-se-\u00e1 \u00e0 elimina\u00e7\u00e3o dos seus dados pessoais no momento em que tenham sido realizadas todas as a\u00e7\u00f5es necess\u00e1rias para gerir e dar por conclu\u00edda qualquer obriga\u00e7\u00e3o que possa ter permanecido entre as partes, levando a cabo, nesse per\u00edodo, todas as dilig\u00eancias administrativas necess\u00e1rias, salvo nos casos em que nos tenha fornecido o seu consentimento expresso para lhe enviar comunica\u00e7\u00f5es comerciais, caso em que os seus dados se conservar\u00e3o at\u00e9 demonstrar a sua oposi\u00e7\u00e3o.<\/p>\n<p>Independentemente de tratarmos os seus dados durante o tempo estritamente necess\u00e1rio para cumprir o objetivo correspondente, conserv\u00e1-los-emos posteriormente devidamente guardados e protegidos durante o tempo em que possam surgir responsabilidades resultantes do tratamento, em cumprimento do regulamento vigente em cada momento. Depois de prescreverem as poss\u00edveis a\u00e7\u00f5es em cada caso, procederemos ao apagamento dos dados pessoais.<br \/>\n<a name=\"derechos\"><\/a><\/p>\n<p>&nbsp;<\/p>\n<h3>6. OS SEUS DIREITOS DE PROTE\u00c7\u00c3O DE DADOS<\/h3>\n<p>Poder\u00e1 entrar em contacto com a MERLIN quando precisar, podendo exercer os seus direitos de acesso, retifica\u00e7\u00e3o, apagamento, limita\u00e7\u00e3o, oposi\u00e7\u00e3o, bem como o direito \u00e0 portabilidade dos seus dados e a n\u00e3o ser objeto de decis\u00f5es automatizadas, atrav\u00e9s de pedido dirigido \u00e0 MERLIN PROPERTIES SOCIMI, S.A. em Paseo de la Castellana, 257, 28046, Madrid (Espanha), ou ao seguinte endere\u00e7o de correio eletr\u00f3nico: <a href=\"mailto:protecciondedatos@merlinprop.com\">protecciondedatos@merlinprop.com<\/a>.<\/p>\n<p>Por \u00faltimo, no caso de desejar mais informa\u00e7\u00f5es acerca dos seus direitos em mat\u00e9ria de prote\u00e7\u00e3o de dados ou se precisar de apresentar uma reclama\u00e7\u00e3o, poder\u00e1 dirigir-se \u00e0 Ag\u00eancia Espanhola de Prote\u00e7\u00e3o de Dados, com sede em Calle Jorge Juan, 6, 28001, Madrid, para salvaguardar os seus direitos.<\/p>\n<p>&nbsp;<\/p>\n<h3>7. ALTERA\u00c7\u00d5ES \u00c0 PRESENTE POL\u00cdTICA DE PRIVACIDADE<\/h3>\n<p>A MERLIN reserva-se o direito de modificar a Presente Poli\u0301tica de Privacidade para adapt\u00e1-la \u00e0s novidades legislativas ou jurisprudenciais, bem como \u00e0s pr\u00e1ticas da ind\u00fastria. Nestes casos, anunciar-se-\u00e3o nesta pa\u0301gina as altera\u00e7\u00f5es introduzidas com a anteced\u00eancia suficiente \u00e0 sua implementa\u00e7\u00e3o.<\/p>\n<p>&nbsp;<\/p>\n<h3>8. CONTACTE A MERLIN<\/h3>\n<p>Se tiver d\u00favidas ou quest\u00f5es a transmitir \u00e0 MERLIN relativamente ao tratamento dos seus dados pessoais, pode dirigir-se por escrito \u00e0 MERLIN PROPERTIES SOCIMI, S.A. em Paseo de la Castellana, 257, 28046, Madrid (Espanha), ou ao seguinte endere\u00e7o de correio eletr\u00f3nico: <a href=\"mailto:protecciondedatos@merlinprop.com\">protecciondedatos@merlinprop.com<\/a>.<\/p>\n<p>\u00a9 2022 MERLIN Properties SOCIMI, S.A. Todos os direitos reservados.<\/p>\n<p>\u00daltima atualiza\u00e7\u00e3o: 14 de junho de 2022<\/p>\n","protected":false},"excerpt":{"rendered":"<p>A MERLIN, em cumprimento do previsto no Regulamento (UE) 2016\/679 do Parlamento Europeu e do Conselho, de 27 de abril de 2016, relativo \u00e0 prote\u00e7\u00e3o das pessoas singulares no que diz respeito ao tratamento de dados pessoais e \u00e0 livre circula\u00e7\u00e3o desses dados, doravante RGPD, bem como em cumprimento do regulamento nacional relativo \u00e0 Prote\u00e7\u00e3o [&hellip;]<\/p>\n","protected":false},"author":13,"featured_media":4709,"parent":0,"menu_order":0,"comment_status":"closed","ping_status":"closed","template":"","meta":{"footnotes":""},"categories":[91],"class_list":["post-22","page","type-page","status-publish","has-post-thumbnail","hentry","category-legal"],"acf":[],"yoast_head":"<!-- This site is optimized with the Yoast SEO plugin v26.5 - https:\/\/yoast.com\/wordpress\/plugins\/seo\/ -->\n<title>Pol\u00edtica de privacidade - Merlin Properties Socimi, S.A. (PT)<\/title>\n<meta name=\"description\" content=\"Informaci\u00f3n de los aspectos relacionados con el tratamiento de datos de cara\u0301cter personal a trave\u0301s del presente sitio Web.\" \/>\n<meta name=\"robots\" content=\"index, follow, max-snippet:-1, max-image-preview:large, max-video-preview:-1\" \/>\n<link rel=\"canonical\" href=\"https:\/\/www.merlinproperties.com\/pt\/politica-de-privacidade\/\" \/>\n<meta property=\"og:locale\" content=\"es_ES\" \/>\n<meta property=\"og:type\" content=\"article\" \/>\n<meta property=\"og:title\" content=\"Pol\u00edtica de privacidade - Merlin Properties Socimi, S.A. (PT)\" \/>\n<meta property=\"og:description\" content=\"Informaci\u00f3n de los aspectos relacionados con el tratamiento de datos de cara\u0301cter personal a trave\u0301s del presente sitio Web.\" \/>\n<meta property=\"og:url\" content=\"https:\/\/www.merlinproperties.com\/pt\/politica-de-privacidade\/\" \/>\n<meta property=\"og:site_name\" content=\"Merlin Properties Socimi, S.A. (PT)\" \/>\n<meta property=\"article:modified_time\" content=\"2025-05-08T07:49:44+00:00\" \/>\n<meta property=\"og:image\" content=\"https:\/\/www.merlinproperties.com\/pt\/wp-content\/uploads\/sites\/3\/2022\/06\/politica_privacidad_header.jpg\" \/>\n\t<meta property=\"og:image:width\" content=\"1920\" \/>\n\t<meta property=\"og:image:height\" content=\"497\" \/>\n\t<meta property=\"og:image:type\" content=\"image\/jpeg\" \/>\n<meta name=\"twitter:card\" content=\"summary_large_image\" \/>\n<meta name=\"twitter:label1\" content=\"Tiempo de lectura\" \/>\n\t<meta name=\"twitter:data1\" content=\"7 minutos\" \/>\n<script type=\"application\/ld+json\" class=\"yoast-schema-graph\">{\"@context\":\"https:\/\/schema.org\",\"@graph\":[{\"@type\":\"WebPage\",\"@id\":\"https:\/\/www.merlinproperties.com\/pt\/politica-de-privacidade\/\",\"url\":\"https:\/\/www.merlinproperties.com\/pt\/politica-de-privacidade\/\",\"name\":\"Pol\u00edtica de privacidade - Merlin Properties Socimi, S.A. (PT)\",\"isPartOf\":{\"@id\":\"https:\/\/www.merlinproperties.com\/pt\/#website\"},\"primaryImageOfPage\":{\"@id\":\"https:\/\/www.merlinproperties.com\/pt\/politica-de-privacidade\/#primaryimage\"},\"image\":{\"@id\":\"https:\/\/www.merlinproperties.com\/pt\/politica-de-privacidade\/#primaryimage\"},\"thumbnailUrl\":\"https:\/\/www.merlinproperties.com\/pt\/wp-content\/uploads\/sites\/3\/2022\/06\/politica_privacidad_header.jpg\",\"datePublished\":\"2021-12-02T15:26:25+00:00\",\"dateModified\":\"2025-05-08T07:49:44+00:00\",\"description\":\"Informaci\u00f3n de los aspectos relacionados con el tratamiento de datos de cara\u0301cter personal a trave\u0301s del presente sitio Web.\",\"inLanguage\":\"es\",\"potentialAction\":[{\"@type\":\"ReadAction\",\"target\":[\"https:\/\/www.merlinproperties.com\/pt\/politica-de-privacidade\/\"]}]},{\"@type\":\"ImageObject\",\"inLanguage\":\"es\",\"@id\":\"https:\/\/www.merlinproperties.com\/pt\/politica-de-privacidade\/#primaryimage\",\"url\":\"https:\/\/www.merlinproperties.com\/pt\/wp-content\/uploads\/sites\/3\/2022\/06\/politica_privacidad_header.jpg\",\"contentUrl\":\"https:\/\/www.merlinproperties.com\/pt\/wp-content\/uploads\/sites\/3\/2022\/06\/politica_privacidad_header.jpg\",\"width\":1920,\"height\":497},{\"@type\":\"WebSite\",\"@id\":\"https:\/\/www.merlinproperties.com\/pt\/#website\",\"url\":\"https:\/\/www.merlinproperties.com\/pt\/\",\"name\":\"Merlin Properties Socimi, S.A. (PT)\",\"description\":\"Compa\u00f1\u00eda Inmobiliaria, cotizada, l\u00edder en el sector de activos terciarios en la Pen\u00ednsula Ib\u00e9rica.\",\"publisher\":{\"@id\":\"https:\/\/www.merlinproperties.com\/pt\/#organization\"},\"potentialAction\":[{\"@type\":\"SearchAction\",\"target\":{\"@type\":\"EntryPoint\",\"urlTemplate\":\"https:\/\/www.merlinproperties.com\/pt\/?s={search_term_string}\"},\"query-input\":{\"@type\":\"PropertyValueSpecification\",\"valueRequired\":true,\"valueName\":\"search_term_string\"}}],\"inLanguage\":\"es\"},{\"@type\":\"Organization\",\"@id\":\"https:\/\/www.merlinproperties.com\/pt\/#organization\",\"name\":\"Merlin Properties Socimi, S.A. (PT)\",\"url\":\"https:\/\/www.merlinproperties.com\/pt\/\",\"logo\":{\"@type\":\"ImageObject\",\"inLanguage\":\"es\",\"@id\":\"https:\/\/www.merlinproperties.com\/pt\/#\/schema\/logo\/image\/\",\"url\":\"https:\/\/www.merlinproperties.com\/pt\/wp-content\/uploads\/sites\/3\/2023\/03\/Merlin-Logo-Horizontal-Negativo-scaled-3.png\",\"contentUrl\":\"https:\/\/www.merlinproperties.com\/pt\/wp-content\/uploads\/sites\/3\/2023\/03\/Merlin-Logo-Horizontal-Negativo-scaled-3.png\",\"width\":600,\"height\":204,\"caption\":\"Merlin Properties Socimi, S.A. (PT)\"},\"image\":{\"@id\":\"https:\/\/www.merlinproperties.com\/pt\/#\/schema\/logo\/image\/\"}}]}<\/script>\n<!-- \/ Yoast SEO plugin. -->","yoast_head_json":{"title":"Pol\u00edtica de privacidade - Merlin Properties Socimi, S.A. (PT)","description":"Informaci\u00f3n de los aspectos relacionados con el tratamiento de datos de cara\u0301cter personal a trave\u0301s del presente sitio Web.","robots":{"index":"index","follow":"follow","max-snippet":"max-snippet:-1","max-image-preview":"max-image-preview:large","max-video-preview":"max-video-preview:-1"},"canonical":"https:\/\/www.merlinproperties.com\/pt\/politica-de-privacidade\/","og_locale":"es_ES","og_type":"article","og_title":"Pol\u00edtica de privacidade - Merlin Properties Socimi, S.A. (PT)","og_description":"Informaci\u00f3n de los aspectos relacionados con el tratamiento de datos de cara\u0301cter personal a trave\u0301s del presente sitio Web.","og_url":"https:\/\/www.merlinproperties.com\/pt\/politica-de-privacidade\/","og_site_name":"Merlin Properties Socimi, S.A. (PT)","article_modified_time":"2025-05-08T07:49:44+00:00","og_image":[{"width":1920,"height":497,"url":"https:\/\/www.merlinproperties.com\/pt\/wp-content\/uploads\/sites\/3\/2022\/06\/politica_privacidad_header.jpg","type":"image\/jpeg"}],"twitter_card":"summary_large_image","twitter_misc":{"Tiempo de lectura":"7 minutos"},"schema":{"@context":"https:\/\/schema.org","@graph":[{"@type":"WebPage","@id":"https:\/\/www.merlinproperties.com\/pt\/politica-de-privacidade\/","url":"https:\/\/www.merlinproperties.com\/pt\/politica-de-privacidade\/","name":"Pol\u00edtica de privacidade - Merlin Properties Socimi, S.A. (PT)","isPartOf":{"@id":"https:\/\/www.merlinproperties.com\/pt\/#website"},"primaryImageOfPage":{"@id":"https:\/\/www.merlinproperties.com\/pt\/politica-de-privacidade\/#primaryimage"},"image":{"@id":"https:\/\/www.merlinproperties.com\/pt\/politica-de-privacidade\/#primaryimage"},"thumbnailUrl":"https:\/\/www.merlinproperties.com\/pt\/wp-content\/uploads\/sites\/3\/2022\/06\/politica_privacidad_header.jpg","datePublished":"2021-12-02T15:26:25+00:00","dateModified":"2025-05-08T07:49:44+00:00","description":"Informaci\u00f3n de los aspectos relacionados con el tratamiento de datos de cara\u0301cter personal a trave\u0301s del presente sitio Web.","inLanguage":"es","potentialAction":[{"@type":"ReadAction","target":["https:\/\/www.merlinproperties.com\/pt\/politica-de-privacidade\/"]}]},{"@type":"ImageObject","inLanguage":"es","@id":"https:\/\/www.merlinproperties.com\/pt\/politica-de-privacidade\/#primaryimage","url":"https:\/\/www.merlinproperties.com\/pt\/wp-content\/uploads\/sites\/3\/2022\/06\/politica_privacidad_header.jpg","contentUrl":"https:\/\/www.merlinproperties.com\/pt\/wp-content\/uploads\/sites\/3\/2022\/06\/politica_privacidad_header.jpg","width":1920,"height":497},{"@type":"WebSite","@id":"https:\/\/www.merlinproperties.com\/pt\/#website","url":"https:\/\/www.merlinproperties.com\/pt\/","name":"Merlin Properties Socimi, S.A. (PT)","description":"Compa\u00f1\u00eda Inmobiliaria, cotizada, l\u00edder en el sector de activos terciarios en la Pen\u00ednsula Ib\u00e9rica.","publisher":{"@id":"https:\/\/www.merlinproperties.com\/pt\/#organization"},"potentialAction":[{"@type":"SearchAction","target":{"@type":"EntryPoint","urlTemplate":"https:\/\/www.merlinproperties.com\/pt\/?s={search_term_string}"},"query-input":{"@type":"PropertyValueSpecification","valueRequired":true,"valueName":"search_term_string"}}],"inLanguage":"es"},{"@type":"Organization","@id":"https:\/\/www.merlinproperties.com\/pt\/#organization","name":"Merlin Properties Socimi, S.A. (PT)","url":"https:\/\/www.merlinproperties.com\/pt\/","logo":{"@type":"ImageObject","inLanguage":"es","@id":"https:\/\/www.merlinproperties.com\/pt\/#\/schema\/logo\/image\/","url":"https:\/\/www.merlinproperties.com\/pt\/wp-content\/uploads\/sites\/3\/2023\/03\/Merlin-Logo-Horizontal-Negativo-scaled-3.png","contentUrl":"https:\/\/www.merlinproperties.com\/pt\/wp-content\/uploads\/sites\/3\/2023\/03\/Merlin-Logo-Horizontal-Negativo-scaled-3.png","width":600,"height":204,"caption":"Merlin Properties Socimi, S.A. (PT)"},"image":{"@id":"https:\/\/www.merlinproperties.com\/pt\/#\/schema\/logo\/image\/"}}]}},"_links":{"self":[{"href":"https:\/\/www.merlinproperties.com\/pt\/wp-json\/wp\/v2\/pages\/22","targetHints":{"allow":["GET"]}}],"collection":[{"href":"https:\/\/www.merlinproperties.com\/pt\/wp-json\/wp\/v2\/pages"}],"about":[{"href":"https:\/\/www.merlinproperties.com\/pt\/wp-json\/wp\/v2\/types\/page"}],"author":[{"embeddable":true,"href":"https:\/\/www.merlinproperties.com\/pt\/wp-json\/wp\/v2\/users\/13"}],"replies":[{"embeddable":true,"href":"https:\/\/www.merlinproperties.com\/pt\/wp-json\/wp\/v2\/comments?post=22"}],"version-history":[{"count":1,"href":"https:\/\/www.merlinproperties.com\/pt\/wp-json\/wp\/v2\/pages\/22\/revisions"}],"predecessor-version":[{"id":8506,"href":"https:\/\/www.merlinproperties.com\/pt\/wp-json\/wp\/v2\/pages\/22\/revisions\/8506"}],"wp:featuredmedia":[{"embeddable":true,"href":"https:\/\/www.merlinproperties.com\/pt\/wp-json\/wp\/v2\/media\/4709"}],"wp:attachment":[{"href":"https:\/\/www.merlinproperties.com\/pt\/wp-json\/wp\/v2\/media?parent=22"}],"wp:term":[{"taxonomy":"category","embeddable":true,"href":"https:\/\/www.merlinproperties.com\/pt\/wp-json\/wp\/v2\/categories?post=22"}],"curies":[{"name":"wp","href":"https:\/\/api.w.org\/{rel}","templated":true}]}}