{"id":17,"date":"2021-12-02T15:24:42","date_gmt":"2021-12-02T15:24:42","guid":{"rendered":"https:\/\/www.merlinproperties.com?page_id=17"},"modified":"2025-10-13T10:44:44","modified_gmt":"2025-10-13T10:44:44","slug":"politica-de-cookies","status":"publish","type":"page","link":"https:\/\/www.merlinproperties.com\/pt\/politica-de-cookies\/","title":{"rendered":"Pol\u00edtica de cookies"},"content":{"rendered":"<p><script id=\"CookieDeclaration\" src=\"https:\/\/consent.cookiebot.com\/9e4c6faa-d8a0-4469-b4a1-b9f3d48fe0ec\/cd.js\" type=\"text\/javascript\" async><\/script><\/p>\n<p><strong>Como posso apagar ou desativar os cookies?<\/strong><\/p>\n<p>Embora o Utilizador possa gerir os cookies do Site no Painel de Configura\u00e7\u00e3o acima referido, se o desejar, pode tamb\u00e9m gerir a instala\u00e7\u00e3o de cookies atrav\u00e9s da configura\u00e7\u00e3o do seu navegador de Internet. A maioria dos navegadores permite gerir, a qualquer momento, as prefer\u00eancias do Utilizador relativamente \u00e0 utiliza\u00e7\u00e3o de Cookies. O Utilizador pode ajustar o seu navegador para rejeitar Cookies ou eliminar determinados Cookies \u00e0 sua discri\u00e7\u00e3o. O Utilizador \u00e9 informado de que alguns dos servi\u00e7os do s\u00edtio Web n\u00e3o funcionar\u00e3o se o navegador n\u00e3o aceitar cookies.<\/p>\n<p>Para a configura\u00e7\u00e3o dos Cookies, o Utilizador pode aceder \u00e0s seguintes hiperliga\u00e7\u00f5es sobre como gerir a utiliza\u00e7\u00e3o dos Cookies em fun\u00e7\u00e3o do navegador utilizado:<\/p>\n<p>Google Chrome:<br \/>\nhttps:\/\/support.google.com\/chrome\/answer\/95647?co=GENIE.Platform%3DDesktop&#038;hl=es<\/p>\n<p>Mozilla Firefox:<br \/>\nhttps:\/\/support.mozilla.org\/es\/kb\/habilitar-y-deshabilitar-cookies-sitios-web-rastrear-preferencias<\/p>\n<p>Internet Explorer:<br \/>\nhttps:\/\/support.microsoft.com\/es-es\/help\/17442\/windows-internet-explorer-delete-manage-cookies<\/p>\n<p>Safari:<br \/>\nhttps:\/\/support.apple.com\/es-es\/guide\/safari\/sfri11471\/mac<\/p>\n<p>Safari (IOS):<br \/>\nhttps:\/\/support.apple.com\/es-es\/HT201265<\/p>\n<p>Opera:<br \/>\nhttps:\/\/help.opera.com\/en\/latest\/web-preferences\/#cookies<\/p>\n<p>Microsoft Edge:<br \/>\nhttps:\/\/support.microsoft.com\/en-us\/help\/4468242\/microsoft-edge-browsing-data-and-privacy-microsoft-privacy<\/p>\n<p>&nbsp;<\/p>\n<p>Os utilizadores podem revogar o seu consentimento para a utiliza\u00e7\u00e3o de cookies no seu navegador, seguindo as instru\u00e7\u00f5es acima.<\/p>\n<p>&nbsp;<\/p>\n<p><strong>Actualiza\u00e7\u00f5es e altera\u00e7\u00f5es \u00e0 Pol\u00edtica de privacidade e de cookies<\/strong><\/p>\n<p>&nbsp;<\/p>\n<p>\u00c9 poss\u00edvel que modifiquemos a informa\u00e7\u00e3o contida nesta Pol\u00edtica de Privacidade e de Cookies quando o considerarmos oportuno ou quando tal for necess\u00e1rio em virtude de novas interpreta\u00e7\u00f5es feitas pela entidade reguladora competente, ju\u00edzes ou Tribunais, pelo que se solicita ao Utilizador que verifique regularmente o seu conte\u00fado, aproveitando o facto de o encontrar sempre dispon\u00edvel no rodap\u00e9 do Website.<\/p>\n<p>Sempre que se verifiquem altera\u00e7\u00f5es significativas \u00e0 presente Pol\u00edtica de Privacidade e Cookies, as mesmas ser\u00e3o comunicadas (quer atrav\u00e9s de um aviso informativo no acesso ao Website, quer por e-mail para os Utilizadores registados).<\/p>\n<p>&nbsp;<\/p>\n<p><strong>Contacto com a MERLIN PROPERTIES SOCIMI S.A.<\/strong><\/p>\n<p>&nbsp;<\/p>\n<p>Se tiver d\u00favidas ou perguntas a enviar \u00e0 MERLIN PROPERTIES SOCIMI S.A em rela\u00e7\u00e3o \u00e0 Pol\u00edtica de Cookies, pode escrever para o nosso Respons\u00e1vel pela Prote\u00e7\u00e3o de Dados em Paseo de la Castellana, 257, 28046, Madrid (Espanha), ou para o seguinte endere\u00e7o de correio eletr\u00f3nico: protecciondedatos@merlinprop.com.<\/p>\n<p>&nbsp;<\/p>\n<p>\u00a9 2023 MERLIN Properties SOCIMI S.A. Todos os direitos reservados.<\/p>\n<p>\u00daltima atualiza\u00e7\u00e3o: dezembro de 2023<\/p>\n","protected":false},"excerpt":{"rendered":"<p>Como posso apagar ou desativar os cookies? Embora o Utilizador possa gerir os cookies do Site no Painel de Configura\u00e7\u00e3o acima referido, se o desejar, pode tamb\u00e9m gerir a instala\u00e7\u00e3o de cookies atrav\u00e9s da configura\u00e7\u00e3o do seu navegador de Internet. A maioria dos navegadores permite gerir, a qualquer momento, as prefer\u00eancias do Utilizador relativamente \u00e0 [&hellip;]<\/p>\n","protected":false},"author":13,"featured_media":4711,"parent":0,"menu_order":0,"comment_status":"closed","ping_status":"closed","template":"","meta":{"footnotes":""},"categories":[91],"class_list":["post-17","page","type-page","status-publish","has-post-thumbnail","hentry","category-legal"],"acf":[],"yoast_head":"<!-- This site is optimized with the Yoast SEO plugin v26.5 - https:\/\/yoast.com\/wordpress\/plugins\/seo\/ -->\n<title>Pol\u00edtica de cookies - Merlin Properties Socimi, S.A. (PT)<\/title>\n<meta name=\"description\" content=\"Cookies propias, de sesi\u00f3n, con finalidad t\u00e9cnica (permiten a la persona usuaria\u00a0la navegaci\u00f3n a trav\u00e9s del sitio web y la utilizaci\u00f3n de las diferentes opciones y servicios).\" \/>\n<meta name=\"robots\" content=\"index, follow, max-snippet:-1, max-image-preview:large, max-video-preview:-1\" \/>\n<link rel=\"canonical\" href=\"https:\/\/www.merlinproperties.com\/pt\/politica-de-cookies\/\" \/>\n<meta property=\"og:locale\" content=\"es_ES\" \/>\n<meta property=\"og:type\" content=\"article\" \/>\n<meta property=\"og:title\" content=\"Pol\u00edtica de cookies - Merlin Properties Socimi, S.A. (PT)\" \/>\n<meta property=\"og:description\" content=\"Cookies propias, de sesi\u00f3n, con finalidad t\u00e9cnica (permiten a la persona usuaria\u00a0la navegaci\u00f3n a trav\u00e9s del sitio web y la utilizaci\u00f3n de las diferentes opciones y servicios).\" \/>\n<meta property=\"og:url\" content=\"https:\/\/www.merlinproperties.com\/pt\/politica-de-cookies\/\" \/>\n<meta property=\"og:site_name\" content=\"Merlin Properties Socimi, S.A. (PT)\" \/>\n<meta property=\"article:modified_time\" content=\"2025-10-13T10:44:44+00:00\" \/>\n<meta property=\"og:image\" content=\"https:\/\/www.merlinproperties.com\/pt\/wp-content\/uploads\/sites\/3\/2022\/06\/politica_cookies_header.jpg\" \/>\n\t<meta property=\"og:image:width\" content=\"1920\" \/>\n\t<meta property=\"og:image:height\" content=\"497\" \/>\n\t<meta property=\"og:image:type\" content=\"image\/jpeg\" \/>\n<meta name=\"twitter:card\" content=\"summary_large_image\" \/>\n<meta name=\"twitter:label1\" content=\"Tiempo de lectura\" \/>\n\t<meta name=\"twitter:data1\" content=\"5 minutos\" \/>\n<script type=\"application\/ld+json\" class=\"yoast-schema-graph\">{\"@context\":\"https:\/\/schema.org\",\"@graph\":[{\"@type\":\"WebPage\",\"@id\":\"https:\/\/www.merlinproperties.com\/pt\/politica-de-cookies\/\",\"url\":\"https:\/\/www.merlinproperties.com\/pt\/politica-de-cookies\/\",\"name\":\"Pol\u00edtica de cookies - Merlin Properties Socimi, S.A. (PT)\",\"isPartOf\":{\"@id\":\"https:\/\/www.merlinproperties.com\/pt\/#website\"},\"primaryImageOfPage\":{\"@id\":\"https:\/\/www.merlinproperties.com\/pt\/politica-de-cookies\/#primaryimage\"},\"image\":{\"@id\":\"https:\/\/www.merlinproperties.com\/pt\/politica-de-cookies\/#primaryimage\"},\"thumbnailUrl\":\"https:\/\/www.merlinproperties.com\/pt\/wp-content\/uploads\/sites\/3\/2022\/06\/politica_cookies_header.jpg\",\"datePublished\":\"2021-12-02T15:24:42+00:00\",\"dateModified\":\"2025-10-13T10:44:44+00:00\",\"description\":\"Cookies propias, de sesi\u00f3n, con finalidad t\u00e9cnica (permiten a la persona usuaria\u00a0la navegaci\u00f3n a trav\u00e9s del sitio web y la utilizaci\u00f3n de las diferentes opciones y servicios).\",\"inLanguage\":\"es\",\"potentialAction\":[{\"@type\":\"ReadAction\",\"target\":[\"https:\/\/www.merlinproperties.com\/pt\/politica-de-cookies\/\"]}]},{\"@type\":\"ImageObject\",\"inLanguage\":\"es\",\"@id\":\"https:\/\/www.merlinproperties.com\/pt\/politica-de-cookies\/#primaryimage\",\"url\":\"https:\/\/www.merlinproperties.com\/pt\/wp-content\/uploads\/sites\/3\/2022\/06\/politica_cookies_header.jpg\",\"contentUrl\":\"https:\/\/www.merlinproperties.com\/pt\/wp-content\/uploads\/sites\/3\/2022\/06\/politica_cookies_header.jpg\",\"width\":1920,\"height\":497},{\"@type\":\"WebSite\",\"@id\":\"https:\/\/www.merlinproperties.com\/pt\/#website\",\"url\":\"https:\/\/www.merlinproperties.com\/pt\/\",\"name\":\"Merlin Properties Socimi, S.A. (PT)\",\"description\":\"Compa\u00f1\u00eda Inmobiliaria, cotizada, l\u00edder en el sector de activos terciarios en la Pen\u00ednsula Ib\u00e9rica.\",\"publisher\":{\"@id\":\"https:\/\/www.merlinproperties.com\/pt\/#organization\"},\"potentialAction\":[{\"@type\":\"SearchAction\",\"target\":{\"@type\":\"EntryPoint\",\"urlTemplate\":\"https:\/\/www.merlinproperties.com\/pt\/?s={search_term_string}\"},\"query-input\":{\"@type\":\"PropertyValueSpecification\",\"valueRequired\":true,\"valueName\":\"search_term_string\"}}],\"inLanguage\":\"es\"},{\"@type\":\"Organization\",\"@id\":\"https:\/\/www.merlinproperties.com\/pt\/#organization\",\"name\":\"Merlin Properties Socimi, S.A. (PT)\",\"url\":\"https:\/\/www.merlinproperties.com\/pt\/\",\"logo\":{\"@type\":\"ImageObject\",\"inLanguage\":\"es\",\"@id\":\"https:\/\/www.merlinproperties.com\/pt\/#\/schema\/logo\/image\/\",\"url\":\"https:\/\/www.merlinproperties.com\/pt\/wp-content\/uploads\/sites\/3\/2023\/03\/Merlin-Logo-Horizontal-Negativo-scaled-3.png\",\"contentUrl\":\"https:\/\/www.merlinproperties.com\/pt\/wp-content\/uploads\/sites\/3\/2023\/03\/Merlin-Logo-Horizontal-Negativo-scaled-3.png\",\"width\":600,\"height\":204,\"caption\":\"Merlin Properties Socimi, S.A. (PT)\"},\"image\":{\"@id\":\"https:\/\/www.merlinproperties.com\/pt\/#\/schema\/logo\/image\/\"}}]}<\/script>\n<!-- \/ Yoast SEO plugin. -->","yoast_head_json":{"title":"Pol\u00edtica de cookies - Merlin Properties Socimi, S.A. (PT)","description":"Cookies propias, de sesi\u00f3n, con finalidad t\u00e9cnica (permiten a la persona usuaria\u00a0la navegaci\u00f3n a trav\u00e9s del sitio web y la utilizaci\u00f3n de las diferentes opciones y servicios).","robots":{"index":"index","follow":"follow","max-snippet":"max-snippet:-1","max-image-preview":"max-image-preview:large","max-video-preview":"max-video-preview:-1"},"canonical":"https:\/\/www.merlinproperties.com\/pt\/politica-de-cookies\/","og_locale":"es_ES","og_type":"article","og_title":"Pol\u00edtica de cookies - Merlin Properties Socimi, S.A. (PT)","og_description":"Cookies propias, de sesi\u00f3n, con finalidad t\u00e9cnica (permiten a la persona usuaria\u00a0la navegaci\u00f3n a trav\u00e9s del sitio web y la utilizaci\u00f3n de las diferentes opciones y servicios).","og_url":"https:\/\/www.merlinproperties.com\/pt\/politica-de-cookies\/","og_site_name":"Merlin Properties Socimi, S.A. (PT)","article_modified_time":"2025-10-13T10:44:44+00:00","og_image":[{"width":1920,"height":497,"url":"https:\/\/www.merlinproperties.com\/pt\/wp-content\/uploads\/sites\/3\/2022\/06\/politica_cookies_header.jpg","type":"image\/jpeg"}],"twitter_card":"summary_large_image","twitter_misc":{"Tiempo de lectura":"5 minutos"},"schema":{"@context":"https:\/\/schema.org","@graph":[{"@type":"WebPage","@id":"https:\/\/www.merlinproperties.com\/pt\/politica-de-cookies\/","url":"https:\/\/www.merlinproperties.com\/pt\/politica-de-cookies\/","name":"Pol\u00edtica de cookies - Merlin Properties Socimi, S.A. (PT)","isPartOf":{"@id":"https:\/\/www.merlinproperties.com\/pt\/#website"},"primaryImageOfPage":{"@id":"https:\/\/www.merlinproperties.com\/pt\/politica-de-cookies\/#primaryimage"},"image":{"@id":"https:\/\/www.merlinproperties.com\/pt\/politica-de-cookies\/#primaryimage"},"thumbnailUrl":"https:\/\/www.merlinproperties.com\/pt\/wp-content\/uploads\/sites\/3\/2022\/06\/politica_cookies_header.jpg","datePublished":"2021-12-02T15:24:42+00:00","dateModified":"2025-10-13T10:44:44+00:00","description":"Cookies propias, de sesi\u00f3n, con finalidad t\u00e9cnica (permiten a la persona usuaria\u00a0la navegaci\u00f3n a trav\u00e9s del sitio web y la utilizaci\u00f3n de las diferentes opciones y servicios).","inLanguage":"es","potentialAction":[{"@type":"ReadAction","target":["https:\/\/www.merlinproperties.com\/pt\/politica-de-cookies\/"]}]},{"@type":"ImageObject","inLanguage":"es","@id":"https:\/\/www.merlinproperties.com\/pt\/politica-de-cookies\/#primaryimage","url":"https:\/\/www.merlinproperties.com\/pt\/wp-content\/uploads\/sites\/3\/2022\/06\/politica_cookies_header.jpg","contentUrl":"https:\/\/www.merlinproperties.com\/pt\/wp-content\/uploads\/sites\/3\/2022\/06\/politica_cookies_header.jpg","width":1920,"height":497},{"@type":"WebSite","@id":"https:\/\/www.merlinproperties.com\/pt\/#website","url":"https:\/\/www.merlinproperties.com\/pt\/","name":"Merlin Properties Socimi, S.A. (PT)","description":"Compa\u00f1\u00eda Inmobiliaria, cotizada, l\u00edder en el sector de activos terciarios en la Pen\u00ednsula Ib\u00e9rica.","publisher":{"@id":"https:\/\/www.merlinproperties.com\/pt\/#organization"},"potentialAction":[{"@type":"SearchAction","target":{"@type":"EntryPoint","urlTemplate":"https:\/\/www.merlinproperties.com\/pt\/?s={search_term_string}"},"query-input":{"@type":"PropertyValueSpecification","valueRequired":true,"valueName":"search_term_string"}}],"inLanguage":"es"},{"@type":"Organization","@id":"https:\/\/www.merlinproperties.com\/pt\/#organization","name":"Merlin Properties Socimi, S.A. (PT)","url":"https:\/\/www.merlinproperties.com\/pt\/","logo":{"@type":"ImageObject","inLanguage":"es","@id":"https:\/\/www.merlinproperties.com\/pt\/#\/schema\/logo\/image\/","url":"https:\/\/www.merlinproperties.com\/pt\/wp-content\/uploads\/sites\/3\/2023\/03\/Merlin-Logo-Horizontal-Negativo-scaled-3.png","contentUrl":"https:\/\/www.merlinproperties.com\/pt\/wp-content\/uploads\/sites\/3\/2023\/03\/Merlin-Logo-Horizontal-Negativo-scaled-3.png","width":600,"height":204,"caption":"Merlin Properties Socimi, S.A. (PT)"},"image":{"@id":"https:\/\/www.merlinproperties.com\/pt\/#\/schema\/logo\/image\/"}}]}},"_links":{"self":[{"href":"https:\/\/www.merlinproperties.com\/pt\/wp-json\/wp\/v2\/pages\/17","targetHints":{"allow":["GET"]}}],"collection":[{"href":"https:\/\/www.merlinproperties.com\/pt\/wp-json\/wp\/v2\/pages"}],"about":[{"href":"https:\/\/www.merlinproperties.com\/pt\/wp-json\/wp\/v2\/types\/page"}],"author":[{"embeddable":true,"href":"https:\/\/www.merlinproperties.com\/pt\/wp-json\/wp\/v2\/users\/13"}],"replies":[{"embeddable":true,"href":"https:\/\/www.merlinproperties.com\/pt\/wp-json\/wp\/v2\/comments?post=17"}],"version-history":[{"count":5,"href":"https:\/\/www.merlinproperties.com\/pt\/wp-json\/wp\/v2\/pages\/17\/revisions"}],"predecessor-version":[{"id":9085,"href":"https:\/\/www.merlinproperties.com\/pt\/wp-json\/wp\/v2\/pages\/17\/revisions\/9085"}],"wp:featuredmedia":[{"embeddable":true,"href":"https:\/\/www.merlinproperties.com\/pt\/wp-json\/wp\/v2\/media\/4711"}],"wp:attachment":[{"href":"https:\/\/www.merlinproperties.com\/pt\/wp-json\/wp\/v2\/media?parent=17"}],"wp:term":[{"taxonomy":"category","embeddable":true,"href":"https:\/\/www.merlinproperties.com\/pt\/wp-json\/wp\/v2\/categories?post=17"}],"curies":[{"name":"wp","href":"https:\/\/api.w.org\/{rel}","templated":true}]}}