{"id":45,"date":"2021-12-02T15:47:10","date_gmt":"2021-12-02T15:47:10","guid":{"rendered":"https:\/\/www.merlinproperties.com\/?page_id=45"},"modified":"2025-05-08T07:35:55","modified_gmt":"2025-05-08T07:35:55","slug":"contact","status":"publish","type":"page","link":"https:\/\/www.merlinproperties.com\/en\/contact\/","title":{"rendered":"Contact"},"content":{"rendered":"<div class=\"flex\">\n<div class=\"flex-item\">\n<h4>MERLIN PROPERTIES OFFICES<\/h4>\n<p>Paseo de la Castellana, 257<br \/>\n28046 Madrid<br \/>\nSpain<br \/>\n<span class=\"icon icon-phone\">+34 91 769 19 00<\/span><\/p>\n<p><button class=\"our-events-link button button-blur-trasparent\" data-bs-toggle=\"modal\" data-bs-target=\"#contactFormModal\">Write to us<\/button><\/p>\n<\/div>\n<div class=\"flex-item\">\n<h4>MEDIA AGENCY: TINKLE<\/h4>\n<p>Paseo de la Castellana, 86<br \/>\n28046 Madrid<br \/>\nSpain<br \/>\n<span class=\"icon icon-phone\">+34 917 021 010<\/span><\/p>\n<p><a class=\"icon icon-mail\" href=\"mailto:merlin@tinkle.es\" target=\"_blank\" rel=\"noopener\">merlin@tinkle.es<\/a><\/p>\n<\/div>\n<\/div>\n","protected":false},"excerpt":{"rendered":"<p>MERLIN PROPERTIES OFFICES Paseo de la Castellana, 257 28046 Madrid Spain +34 91 769 19 00 Write to us MEDIA AGENCY: TINKLE Paseo de la Castellana, 86 28046 Madrid Spain +34 917 021 010 merlin@tinkle.es<\/p>\n","protected":false},"author":13,"featured_media":5025,"parent":0,"menu_order":0,"comment_status":"closed","ping_status":"closed","template":"template-contact.php","meta":{"footnotes":""},"categories":[],"class_list":["post-45","page","type-page","status-publish","has-post-thumbnail","hentry"],"acf":[],"yoast_head":"<!-- This site is optimized with the Yoast SEO plugin v26.5 - https:\/\/yoast.com\/wordpress\/plugins\/seo\/ -->\n<title>Contact - Merlin Properties Socimi, S.A. (EN)<\/title>\n<meta name=\"description\" content=\"Las Oficinas de MERLIN Properties se encuentran en el Paseo de la Castellana n\u00famero 257, 28046 MADRID ESPA\u00d1A. +34 91 769 19 00.\" \/>\n<meta name=\"robots\" content=\"index, follow, max-snippet:-1, max-image-preview:large, max-video-preview:-1\" \/>\n<link rel=\"canonical\" href=\"https:\/\/www.merlinproperties.com\/en\/contact\/\" \/>\n<meta property=\"og:locale\" content=\"es_ES\" \/>\n<meta property=\"og:type\" content=\"article\" \/>\n<meta property=\"og:title\" content=\"Contact - Merlin Properties Socimi, S.A. (EN)\" \/>\n<meta property=\"og:description\" content=\"Las Oficinas de MERLIN Properties se encuentran en el Paseo de la Castellana n\u00famero 257, 28046 MADRID ESPA\u00d1A. +34 91 769 19 00.\" \/>\n<meta property=\"og:url\" content=\"https:\/\/www.merlinproperties.com\/en\/contact\/\" \/>\n<meta property=\"og:site_name\" content=\"Merlin Properties Socimi, S.A. (EN)\" \/>\n<meta property=\"article:modified_time\" content=\"2025-05-08T07:35:55+00:00\" \/>\n<meta property=\"og:image\" content=\"https:\/\/www.merlinproperties.com\/en\/wp-content\/uploads\/sites\/2\/2022\/06\/castellana_257_0_1.jpg\" \/>\n\t<meta property=\"og:image:width\" content=\"500\" \/>\n\t<meta property=\"og:image:height\" content=\"333\" \/>\n\t<meta property=\"og:image:type\" content=\"image\/jpeg\" \/>\n<meta name=\"twitter:card\" content=\"summary_large_image\" \/>\n<meta name=\"twitter:label1\" content=\"Tiempo de lectura\" \/>\n\t<meta name=\"twitter:data1\" content=\"1 minuto\" \/>\n<script type=\"application\/ld+json\" class=\"yoast-schema-graph\">{\"@context\":\"https:\/\/schema.org\",\"@graph\":[{\"@type\":\"WebPage\",\"@id\":\"https:\/\/www.merlinproperties.com\/en\/contact\/\",\"url\":\"https:\/\/www.merlinproperties.com\/en\/contact\/\",\"name\":\"Contact - Merlin Properties Socimi, S.A. (EN)\",\"isPartOf\":{\"@id\":\"https:\/\/www.merlinproperties.com\/en\/#website\"},\"primaryImageOfPage\":{\"@id\":\"https:\/\/www.merlinproperties.com\/en\/contact\/#primaryimage\"},\"image\":{\"@id\":\"https:\/\/www.merlinproperties.com\/en\/contact\/#primaryimage\"},\"thumbnailUrl\":\"https:\/\/www.merlinproperties.com\/en\/wp-content\/uploads\/sites\/2\/2022\/06\/castellana_257_0_1.jpg\",\"datePublished\":\"2021-12-02T15:47:10+00:00\",\"dateModified\":\"2025-05-08T07:35:55+00:00\",\"description\":\"Las Oficinas de MERLIN Properties se encuentran en el Paseo de la Castellana n\u00famero 257, 28046 MADRID ESPA\u00d1A. +34 91 769 19 00.\",\"inLanguage\":\"es\",\"potentialAction\":[{\"@type\":\"ReadAction\",\"target\":[\"https:\/\/www.merlinproperties.com\/en\/contact\/\"]}]},{\"@type\":\"ImageObject\",\"inLanguage\":\"es\",\"@id\":\"https:\/\/www.merlinproperties.com\/en\/contact\/#primaryimage\",\"url\":\"https:\/\/www.merlinproperties.com\/en\/wp-content\/uploads\/sites\/2\/2022\/06\/castellana_257_0_1.jpg\",\"contentUrl\":\"https:\/\/www.merlinproperties.com\/en\/wp-content\/uploads\/sites\/2\/2022\/06\/castellana_257_0_1.jpg\",\"width\":500,\"height\":333},{\"@type\":\"WebSite\",\"@id\":\"https:\/\/www.merlinproperties.com\/en\/#website\",\"url\":\"https:\/\/www.merlinproperties.com\/en\/\",\"name\":\"Merlin Properties Socimi, S.A. (EN)\",\"description\":\"Compa\u00f1\u00eda Inmobiliaria, cotizada, l\u00edder en el sector de activos terciarios en la Pen\u00ednsula Ib\u00e9rica.\",\"publisher\":{\"@id\":\"https:\/\/www.merlinproperties.com\/en\/#organization\"},\"potentialAction\":[{\"@type\":\"SearchAction\",\"target\":{\"@type\":\"EntryPoint\",\"urlTemplate\":\"https:\/\/www.merlinproperties.com\/en\/?s={search_term_string}\"},\"query-input\":{\"@type\":\"PropertyValueSpecification\",\"valueRequired\":true,\"valueName\":\"search_term_string\"}}],\"inLanguage\":\"es\"},{\"@type\":\"Organization\",\"@id\":\"https:\/\/www.merlinproperties.com\/en\/#organization\",\"name\":\"Merlin Properties Socimi, S.A. (EN)\",\"url\":\"https:\/\/www.merlinproperties.com\/en\/\",\"logo\":{\"@type\":\"ImageObject\",\"inLanguage\":\"es\",\"@id\":\"https:\/\/www.merlinproperties.com\/en\/#\/schema\/logo\/image\/\",\"url\":\"https:\/\/www.merlinproperties.com\/en\/wp-content\/uploads\/sites\/2\/2023\/03\/Merlin-Logo-Horizontal-Negativo-scaled-2.png\",\"contentUrl\":\"https:\/\/www.merlinproperties.com\/en\/wp-content\/uploads\/sites\/2\/2023\/03\/Merlin-Logo-Horizontal-Negativo-scaled-2.png\",\"width\":600,\"height\":204,\"caption\":\"Merlin Properties Socimi, S.A. (EN)\"},\"image\":{\"@id\":\"https:\/\/www.merlinproperties.com\/en\/#\/schema\/logo\/image\/\"}}]}<\/script>\n<!-- \/ Yoast SEO plugin. -->","yoast_head_json":{"title":"Contact - Merlin Properties Socimi, S.A. (EN)","description":"Las Oficinas de MERLIN Properties se encuentran en el Paseo de la Castellana n\u00famero 257, 28046 MADRID ESPA\u00d1A. +34 91 769 19 00.","robots":{"index":"index","follow":"follow","max-snippet":"max-snippet:-1","max-image-preview":"max-image-preview:large","max-video-preview":"max-video-preview:-1"},"canonical":"https:\/\/www.merlinproperties.com\/en\/contact\/","og_locale":"es_ES","og_type":"article","og_title":"Contact - Merlin Properties Socimi, S.A. (EN)","og_description":"Las Oficinas de MERLIN Properties se encuentran en el Paseo de la Castellana n\u00famero 257, 28046 MADRID ESPA\u00d1A. +34 91 769 19 00.","og_url":"https:\/\/www.merlinproperties.com\/en\/contact\/","og_site_name":"Merlin Properties Socimi, S.A. (EN)","article_modified_time":"2025-05-08T07:35:55+00:00","og_image":[{"width":500,"height":333,"url":"https:\/\/www.merlinproperties.com\/en\/wp-content\/uploads\/sites\/2\/2022\/06\/castellana_257_0_1.jpg","type":"image\/jpeg"}],"twitter_card":"summary_large_image","twitter_misc":{"Tiempo de lectura":"1 minuto"},"schema":{"@context":"https:\/\/schema.org","@graph":[{"@type":"WebPage","@id":"https:\/\/www.merlinproperties.com\/en\/contact\/","url":"https:\/\/www.merlinproperties.com\/en\/contact\/","name":"Contact - Merlin Properties Socimi, S.A. (EN)","isPartOf":{"@id":"https:\/\/www.merlinproperties.com\/en\/#website"},"primaryImageOfPage":{"@id":"https:\/\/www.merlinproperties.com\/en\/contact\/#primaryimage"},"image":{"@id":"https:\/\/www.merlinproperties.com\/en\/contact\/#primaryimage"},"thumbnailUrl":"https:\/\/www.merlinproperties.com\/en\/wp-content\/uploads\/sites\/2\/2022\/06\/castellana_257_0_1.jpg","datePublished":"2021-12-02T15:47:10+00:00","dateModified":"2025-05-08T07:35:55+00:00","description":"Las Oficinas de MERLIN Properties se encuentran en el Paseo de la Castellana n\u00famero 257, 28046 MADRID ESPA\u00d1A. +34 91 769 19 00.","inLanguage":"es","potentialAction":[{"@type":"ReadAction","target":["https:\/\/www.merlinproperties.com\/en\/contact\/"]}]},{"@type":"ImageObject","inLanguage":"es","@id":"https:\/\/www.merlinproperties.com\/en\/contact\/#primaryimage","url":"https:\/\/www.merlinproperties.com\/en\/wp-content\/uploads\/sites\/2\/2022\/06\/castellana_257_0_1.jpg","contentUrl":"https:\/\/www.merlinproperties.com\/en\/wp-content\/uploads\/sites\/2\/2022\/06\/castellana_257_0_1.jpg","width":500,"height":333},{"@type":"WebSite","@id":"https:\/\/www.merlinproperties.com\/en\/#website","url":"https:\/\/www.merlinproperties.com\/en\/","name":"Merlin Properties Socimi, S.A. (EN)","description":"Compa\u00f1\u00eda Inmobiliaria, cotizada, l\u00edder en el sector de activos terciarios en la Pen\u00ednsula Ib\u00e9rica.","publisher":{"@id":"https:\/\/www.merlinproperties.com\/en\/#organization"},"potentialAction":[{"@type":"SearchAction","target":{"@type":"EntryPoint","urlTemplate":"https:\/\/www.merlinproperties.com\/en\/?s={search_term_string}"},"query-input":{"@type":"PropertyValueSpecification","valueRequired":true,"valueName":"search_term_string"}}],"inLanguage":"es"},{"@type":"Organization","@id":"https:\/\/www.merlinproperties.com\/en\/#organization","name":"Merlin Properties Socimi, S.A. (EN)","url":"https:\/\/www.merlinproperties.com\/en\/","logo":{"@type":"ImageObject","inLanguage":"es","@id":"https:\/\/www.merlinproperties.com\/en\/#\/schema\/logo\/image\/","url":"https:\/\/www.merlinproperties.com\/en\/wp-content\/uploads\/sites\/2\/2023\/03\/Merlin-Logo-Horizontal-Negativo-scaled-2.png","contentUrl":"https:\/\/www.merlinproperties.com\/en\/wp-content\/uploads\/sites\/2\/2023\/03\/Merlin-Logo-Horizontal-Negativo-scaled-2.png","width":600,"height":204,"caption":"Merlin Properties Socimi, S.A. (EN)"},"image":{"@id":"https:\/\/www.merlinproperties.com\/en\/#\/schema\/logo\/image\/"}}]}},"_links":{"self":[{"href":"https:\/\/www.merlinproperties.com\/en\/wp-json\/wp\/v2\/pages\/45","targetHints":{"allow":["GET"]}}],"collection":[{"href":"https:\/\/www.merlinproperties.com\/en\/wp-json\/wp\/v2\/pages"}],"about":[{"href":"https:\/\/www.merlinproperties.com\/en\/wp-json\/wp\/v2\/types\/page"}],"author":[{"embeddable":true,"href":"https:\/\/www.merlinproperties.com\/en\/wp-json\/wp\/v2\/users\/13"}],"replies":[{"embeddable":true,"href":"https:\/\/www.merlinproperties.com\/en\/wp-json\/wp\/v2\/comments?post=45"}],"version-history":[{"count":1,"href":"https:\/\/www.merlinproperties.com\/en\/wp-json\/wp\/v2\/pages\/45\/revisions"}],"predecessor-version":[{"id":8577,"href":"https:\/\/www.merlinproperties.com\/en\/wp-json\/wp\/v2\/pages\/45\/revisions\/8577"}],"wp:featuredmedia":[{"embeddable":true,"href":"https:\/\/www.merlinproperties.com\/en\/wp-json\/wp\/v2\/media\/5025"}],"wp:attachment":[{"href":"https:\/\/www.merlinproperties.com\/en\/wp-json\/wp\/v2\/media?parent=45"}],"wp:term":[{"taxonomy":"category","embeddable":true,"href":"https:\/\/www.merlinproperties.com\/en\/wp-json\/wp\/v2\/categories?post=45"}],"curies":[{"name":"wp","href":"https:\/\/api.w.org\/{rel}","templated":true}]}}