{"id":41,"date":"2021-12-02T15:46:46","date_gmt":"2021-12-02T15:46:46","guid":{"rendered":"https:\/\/www.merlinproperties.com\/?page_id=41"},"modified":"2026-01-30T12:21:25","modified_gmt":"2026-01-30T12:21:25","slug":"shopping-centers","status":"publish","type":"page","link":"https:\/\/www.merlinproperties.com\/en\/shopping-centers\/","title":{"rendered":"Shopping centers"},"content":{"rendered":"<p>Shopping centers<\/p>\n","protected":false},"excerpt":{"rendered":"<p>Shopping centers<\/p>\n","protected":false},"author":13,"featured_media":4140,"parent":0,"menu_order":0,"comment_status":"closed","ping_status":"closed","template":"template-home.php","meta":{"footnotes":""},"categories":[],"class_list":["post-41","page","type-page","status-publish","has-post-thumbnail","hentry"],"acf":[],"yoast_head":"<!-- This site is optimized with the Yoast SEO plugin v26.5 - https:\/\/yoast.com\/wordpress\/plugins\/seo\/ -->\n<title>Shopping centers - Merlin Properties Socimi, S.A. (EN)<\/title>\n<meta name=\"description\" content=\"Soluciones innovadoras para espacios que se adaptan a cualquier negocio. Innovaci\u00f3n y servicio retail. Nuestros centros comerciales son urbanos y dominantes a escala nacional. Son referente en el sector inmobiliario espa\u00f1ol y portugu\u00e9s con operadores consolidados e inicativas innovadoras, digitales, y experienciales.\" \/>\n<meta name=\"robots\" content=\"index, follow, max-snippet:-1, max-image-preview:large, max-video-preview:-1\" \/>\n<link rel=\"canonical\" href=\"https:\/\/www.merlinproperties.com\/en\/shopping-centers\/\" \/>\n<meta property=\"og:locale\" content=\"es_ES\" \/>\n<meta property=\"og:type\" content=\"article\" \/>\n<meta property=\"og:title\" content=\"Shopping centers - Merlin Properties Socimi, S.A. (EN)\" \/>\n<meta property=\"og:description\" content=\"Soluciones innovadoras para espacios que se adaptan a cualquier negocio. Innovaci\u00f3n y servicio retail. Nuestros centros comerciales son urbanos y dominantes a escala nacional. Son referente en el sector inmobiliario espa\u00f1ol y portugu\u00e9s con operadores consolidados e inicativas innovadoras, digitales, y experienciales.\" \/>\n<meta property=\"og:url\" content=\"https:\/\/www.merlinproperties.com\/en\/shopping-centers\/\" \/>\n<meta property=\"og:site_name\" content=\"Merlin Properties Socimi, S.A. (EN)\" \/>\n<meta property=\"article:modified_time\" content=\"2026-01-30T12:21:25+00:00\" \/>\n<meta property=\"og:image\" content=\"https:\/\/www.merlinproperties.com\/en\/wp-content\/uploads\/sites\/2\/2022\/04\/artea_0-1.jpg\" \/>\n\t<meta property=\"og:image:width\" content=\"1920\" \/>\n\t<meta property=\"og:image:height\" content=\"1280\" \/>\n\t<meta property=\"og:image:type\" content=\"image\/jpeg\" \/>\n<meta name=\"twitter:card\" content=\"summary_large_image\" \/>\n<meta name=\"twitter:label1\" content=\"Tiempo de lectura\" \/>\n\t<meta name=\"twitter:data1\" content=\"1 minuto\" \/>\n<script type=\"application\/ld+json\" class=\"yoast-schema-graph\">{\"@context\":\"https:\/\/schema.org\",\"@graph\":[{\"@type\":\"WebPage\",\"@id\":\"https:\/\/www.merlinproperties.com\/en\/shopping-centers\/\",\"url\":\"https:\/\/www.merlinproperties.com\/en\/shopping-centers\/\",\"name\":\"Shopping centers - Merlin Properties Socimi, S.A. (EN)\",\"isPartOf\":{\"@id\":\"https:\/\/www.merlinproperties.com\/en\/#website\"},\"primaryImageOfPage\":{\"@id\":\"https:\/\/www.merlinproperties.com\/en\/shopping-centers\/#primaryimage\"},\"image\":{\"@id\":\"https:\/\/www.merlinproperties.com\/en\/shopping-centers\/#primaryimage\"},\"thumbnailUrl\":\"https:\/\/www.merlinproperties.com\/en\/wp-content\/uploads\/sites\/2\/2022\/04\/artea_0-1.jpg\",\"datePublished\":\"2021-12-02T15:46:46+00:00\",\"dateModified\":\"2026-01-30T12:21:25+00:00\",\"description\":\"Soluciones innovadoras para espacios que se adaptan a cualquier negocio. Innovaci\u00f3n y servicio retail. Nuestros centros comerciales son urbanos y dominantes a escala nacional. Son referente en el sector inmobiliario espa\u00f1ol y portugu\u00e9s con operadores consolidados e inicativas innovadoras, digitales, y experienciales.\",\"inLanguage\":\"es\",\"potentialAction\":[{\"@type\":\"ReadAction\",\"target\":[\"https:\/\/www.merlinproperties.com\/en\/shopping-centers\/\"]}]},{\"@type\":\"ImageObject\",\"inLanguage\":\"es\",\"@id\":\"https:\/\/www.merlinproperties.com\/en\/shopping-centers\/#primaryimage\",\"url\":\"https:\/\/www.merlinproperties.com\/en\/wp-content\/uploads\/sites\/2\/2022\/04\/artea_0-1.jpg\",\"contentUrl\":\"https:\/\/www.merlinproperties.com\/en\/wp-content\/uploads\/sites\/2\/2022\/04\/artea_0-1.jpg\",\"width\":1920,\"height\":1280},{\"@type\":\"WebSite\",\"@id\":\"https:\/\/www.merlinproperties.com\/en\/#website\",\"url\":\"https:\/\/www.merlinproperties.com\/en\/\",\"name\":\"Merlin Properties Socimi, S.A. (EN)\",\"description\":\"Compa\u00f1\u00eda Inmobiliaria, cotizada, l\u00edder en el sector de activos terciarios en la Pen\u00ednsula Ib\u00e9rica.\",\"publisher\":{\"@id\":\"https:\/\/www.merlinproperties.com\/en\/#organization\"},\"potentialAction\":[{\"@type\":\"SearchAction\",\"target\":{\"@type\":\"EntryPoint\",\"urlTemplate\":\"https:\/\/www.merlinproperties.com\/en\/?s={search_term_string}\"},\"query-input\":{\"@type\":\"PropertyValueSpecification\",\"valueRequired\":true,\"valueName\":\"search_term_string\"}}],\"inLanguage\":\"es\"},{\"@type\":\"Organization\",\"@id\":\"https:\/\/www.merlinproperties.com\/en\/#organization\",\"name\":\"Merlin Properties Socimi, S.A. (EN)\",\"url\":\"https:\/\/www.merlinproperties.com\/en\/\",\"logo\":{\"@type\":\"ImageObject\",\"inLanguage\":\"es\",\"@id\":\"https:\/\/www.merlinproperties.com\/en\/#\/schema\/logo\/image\/\",\"url\":\"https:\/\/www.merlinproperties.com\/en\/wp-content\/uploads\/sites\/2\/2023\/03\/Merlin-Logo-Horizontal-Negativo-scaled-2.png\",\"contentUrl\":\"https:\/\/www.merlinproperties.com\/en\/wp-content\/uploads\/sites\/2\/2023\/03\/Merlin-Logo-Horizontal-Negativo-scaled-2.png\",\"width\":600,\"height\":204,\"caption\":\"Merlin Properties Socimi, S.A. (EN)\"},\"image\":{\"@id\":\"https:\/\/www.merlinproperties.com\/en\/#\/schema\/logo\/image\/\"}}]}<\/script>\n<!-- \/ Yoast SEO plugin. -->","yoast_head_json":{"title":"Shopping centers - Merlin Properties Socimi, S.A. (EN)","description":"Soluciones innovadoras para espacios que se adaptan a cualquier negocio. Innovaci\u00f3n y servicio retail. Nuestros centros comerciales son urbanos y dominantes a escala nacional. Son referente en el sector inmobiliario espa\u00f1ol y portugu\u00e9s con operadores consolidados e inicativas innovadoras, digitales, y experienciales.","robots":{"index":"index","follow":"follow","max-snippet":"max-snippet:-1","max-image-preview":"max-image-preview:large","max-video-preview":"max-video-preview:-1"},"canonical":"https:\/\/www.merlinproperties.com\/en\/shopping-centers\/","og_locale":"es_ES","og_type":"article","og_title":"Shopping centers - Merlin Properties Socimi, S.A. (EN)","og_description":"Soluciones innovadoras para espacios que se adaptan a cualquier negocio. Innovaci\u00f3n y servicio retail. Nuestros centros comerciales son urbanos y dominantes a escala nacional. Son referente en el sector inmobiliario espa\u00f1ol y portugu\u00e9s con operadores consolidados e inicativas innovadoras, digitales, y experienciales.","og_url":"https:\/\/www.merlinproperties.com\/en\/shopping-centers\/","og_site_name":"Merlin Properties Socimi, S.A. (EN)","article_modified_time":"2026-01-30T12:21:25+00:00","og_image":[{"width":1920,"height":1280,"url":"https:\/\/www.merlinproperties.com\/en\/wp-content\/uploads\/sites\/2\/2022\/04\/artea_0-1.jpg","type":"image\/jpeg"}],"twitter_card":"summary_large_image","twitter_misc":{"Tiempo de lectura":"1 minuto"},"schema":{"@context":"https:\/\/schema.org","@graph":[{"@type":"WebPage","@id":"https:\/\/www.merlinproperties.com\/en\/shopping-centers\/","url":"https:\/\/www.merlinproperties.com\/en\/shopping-centers\/","name":"Shopping centers - Merlin Properties Socimi, S.A. (EN)","isPartOf":{"@id":"https:\/\/www.merlinproperties.com\/en\/#website"},"primaryImageOfPage":{"@id":"https:\/\/www.merlinproperties.com\/en\/shopping-centers\/#primaryimage"},"image":{"@id":"https:\/\/www.merlinproperties.com\/en\/shopping-centers\/#primaryimage"},"thumbnailUrl":"https:\/\/www.merlinproperties.com\/en\/wp-content\/uploads\/sites\/2\/2022\/04\/artea_0-1.jpg","datePublished":"2021-12-02T15:46:46+00:00","dateModified":"2026-01-30T12:21:25+00:00","description":"Soluciones innovadoras para espacios que se adaptan a cualquier negocio. Innovaci\u00f3n y servicio retail. Nuestros centros comerciales son urbanos y dominantes a escala nacional. Son referente en el sector inmobiliario espa\u00f1ol y portugu\u00e9s con operadores consolidados e inicativas innovadoras, digitales, y experienciales.","inLanguage":"es","potentialAction":[{"@type":"ReadAction","target":["https:\/\/www.merlinproperties.com\/en\/shopping-centers\/"]}]},{"@type":"ImageObject","inLanguage":"es","@id":"https:\/\/www.merlinproperties.com\/en\/shopping-centers\/#primaryimage","url":"https:\/\/www.merlinproperties.com\/en\/wp-content\/uploads\/sites\/2\/2022\/04\/artea_0-1.jpg","contentUrl":"https:\/\/www.merlinproperties.com\/en\/wp-content\/uploads\/sites\/2\/2022\/04\/artea_0-1.jpg","width":1920,"height":1280},{"@type":"WebSite","@id":"https:\/\/www.merlinproperties.com\/en\/#website","url":"https:\/\/www.merlinproperties.com\/en\/","name":"Merlin Properties Socimi, S.A. (EN)","description":"Compa\u00f1\u00eda Inmobiliaria, cotizada, l\u00edder en el sector de activos terciarios en la Pen\u00ednsula Ib\u00e9rica.","publisher":{"@id":"https:\/\/www.merlinproperties.com\/en\/#organization"},"potentialAction":[{"@type":"SearchAction","target":{"@type":"EntryPoint","urlTemplate":"https:\/\/www.merlinproperties.com\/en\/?s={search_term_string}"},"query-input":{"@type":"PropertyValueSpecification","valueRequired":true,"valueName":"search_term_string"}}],"inLanguage":"es"},{"@type":"Organization","@id":"https:\/\/www.merlinproperties.com\/en\/#organization","name":"Merlin Properties Socimi, S.A. (EN)","url":"https:\/\/www.merlinproperties.com\/en\/","logo":{"@type":"ImageObject","inLanguage":"es","@id":"https:\/\/www.merlinproperties.com\/en\/#\/schema\/logo\/image\/","url":"https:\/\/www.merlinproperties.com\/en\/wp-content\/uploads\/sites\/2\/2023\/03\/Merlin-Logo-Horizontal-Negativo-scaled-2.png","contentUrl":"https:\/\/www.merlinproperties.com\/en\/wp-content\/uploads\/sites\/2\/2023\/03\/Merlin-Logo-Horizontal-Negativo-scaled-2.png","width":600,"height":204,"caption":"Merlin Properties Socimi, S.A. (EN)"},"image":{"@id":"https:\/\/www.merlinproperties.com\/en\/#\/schema\/logo\/image\/"}}]}},"_links":{"self":[{"href":"https:\/\/www.merlinproperties.com\/en\/wp-json\/wp\/v2\/pages\/41","targetHints":{"allow":["GET"]}}],"collection":[{"href":"https:\/\/www.merlinproperties.com\/en\/wp-json\/wp\/v2\/pages"}],"about":[{"href":"https:\/\/www.merlinproperties.com\/en\/wp-json\/wp\/v2\/types\/page"}],"author":[{"embeddable":true,"href":"https:\/\/www.merlinproperties.com\/en\/wp-json\/wp\/v2\/users\/13"}],"replies":[{"embeddable":true,"href":"https:\/\/www.merlinproperties.com\/en\/wp-json\/wp\/v2\/comments?post=41"}],"version-history":[{"count":4,"href":"https:\/\/www.merlinproperties.com\/en\/wp-json\/wp\/v2\/pages\/41\/revisions"}],"predecessor-version":[{"id":9399,"href":"https:\/\/www.merlinproperties.com\/en\/wp-json\/wp\/v2\/pages\/41\/revisions\/9399"}],"wp:featuredmedia":[{"embeddable":true,"href":"https:\/\/www.merlinproperties.com\/en\/wp-json\/wp\/v2\/media\/4140"}],"wp:attachment":[{"href":"https:\/\/www.merlinproperties.com\/en\/wp-json\/wp\/v2\/media?parent=41"}],"wp:term":[{"taxonomy":"category","embeddable":true,"href":"https:\/\/www.merlinproperties.com\/en\/wp-json\/wp\/v2\/categories?post=41"}],"curies":[{"name":"wp","href":"https:\/\/api.w.org\/{rel}","templated":true}]}}