{"id":39,"date":"2021-12-02T15:46:17","date_gmt":"2021-12-02T15:46:17","guid":{"rendered":"https:\/\/www.merlinproperties.com\/?page_id=39"},"modified":"2026-01-30T12:20:45","modified_gmt":"2026-01-30T12:20:45","slug":"logistics","status":"publish","type":"page","link":"https:\/\/www.merlinproperties.com\/en\/logistics\/","title":{"rendered":"Logistics"},"content":{"rendered":"<p>Logistics<\/p>\n","protected":false},"excerpt":{"rendered":"<p>Logistics<\/p>\n","protected":false},"author":13,"featured_media":4460,"parent":0,"menu_order":0,"comment_status":"closed","ping_status":"closed","template":"template-home.php","meta":{"footnotes":""},"categories":[],"class_list":["post-39","page","type-page","status-publish","has-post-thumbnail","hentry"],"acf":[],"yoast_head":"<!-- This site is optimized with the Yoast SEO plugin v26.5 - https:\/\/yoast.com\/wordpress\/plugins\/seo\/ -->\n<title>Logistics - Merlin Properties Socimi, S.A. (EN)<\/title>\n<meta name=\"description\" content=\"Ubicados en las principales ciudades y con las mejores conexiones de la pen\u00ednsula Iberica. Enfocados en el servicio al cliente y ejecuci\u00f3n de proyectos con los m\u00e1ximos est\u00e1ndares de calidad y eficiencia.\" \/>\n<meta name=\"robots\" content=\"index, follow, max-snippet:-1, max-image-preview:large, max-video-preview:-1\" \/>\n<link rel=\"canonical\" href=\"https:\/\/www.merlinproperties.com\/en\/logistics\/\" \/>\n<meta property=\"og:locale\" content=\"es_ES\" \/>\n<meta property=\"og:type\" content=\"article\" \/>\n<meta property=\"og:title\" content=\"Logistics - Merlin Properties Socimi, S.A. (EN)\" \/>\n<meta property=\"og:description\" content=\"Ubicados en las principales ciudades y con las mejores conexiones de la pen\u00ednsula Iberica. Enfocados en el servicio al cliente y ejecuci\u00f3n de proyectos con los m\u00e1ximos est\u00e1ndares de calidad y eficiencia.\" \/>\n<meta property=\"og:url\" content=\"https:\/\/www.merlinproperties.com\/en\/logistics\/\" \/>\n<meta property=\"og:site_name\" content=\"Merlin Properties Socimi, S.A. (EN)\" \/>\n<meta property=\"article:modified_time\" content=\"2026-01-30T12:20:45+00:00\" \/>\n<meta property=\"og:image\" content=\"https:\/\/www.merlinproperties.com\/en\/wp-content\/uploads\/sites\/2\/2022\/04\/a2_coslada_4.jpg\" \/>\n\t<meta property=\"og:image:width\" content=\"1920\" \/>\n\t<meta property=\"og:image:height\" content=\"1080\" \/>\n\t<meta property=\"og:image:type\" content=\"image\/jpeg\" \/>\n<meta name=\"twitter:card\" content=\"summary_large_image\" \/>\n<meta name=\"twitter:label1\" content=\"Tiempo de lectura\" \/>\n\t<meta name=\"twitter:data1\" content=\"1 minuto\" \/>\n<script type=\"application\/ld+json\" class=\"yoast-schema-graph\">{\"@context\":\"https:\/\/schema.org\",\"@graph\":[{\"@type\":\"WebPage\",\"@id\":\"https:\/\/www.merlinproperties.com\/en\/logistics\/\",\"url\":\"https:\/\/www.merlinproperties.com\/en\/logistics\/\",\"name\":\"Logistics - Merlin Properties Socimi, S.A. (EN)\",\"isPartOf\":{\"@id\":\"https:\/\/www.merlinproperties.com\/en\/#website\"},\"primaryImageOfPage\":{\"@id\":\"https:\/\/www.merlinproperties.com\/en\/logistics\/#primaryimage\"},\"image\":{\"@id\":\"https:\/\/www.merlinproperties.com\/en\/logistics\/#primaryimage\"},\"thumbnailUrl\":\"https:\/\/www.merlinproperties.com\/en\/wp-content\/uploads\/sites\/2\/2022\/04\/a2_coslada_4.jpg\",\"datePublished\":\"2021-12-02T15:46:17+00:00\",\"dateModified\":\"2026-01-30T12:20:45+00:00\",\"description\":\"Ubicados en las principales ciudades y con las mejores conexiones de la pen\u00ednsula Iberica. Enfocados en el servicio al cliente y ejecuci\u00f3n de proyectos con los m\u00e1ximos est\u00e1ndares de calidad y eficiencia.\",\"inLanguage\":\"es\",\"potentialAction\":[{\"@type\":\"ReadAction\",\"target\":[\"https:\/\/www.merlinproperties.com\/en\/logistics\/\"]}]},{\"@type\":\"ImageObject\",\"inLanguage\":\"es\",\"@id\":\"https:\/\/www.merlinproperties.com\/en\/logistics\/#primaryimage\",\"url\":\"https:\/\/www.merlinproperties.com\/en\/wp-content\/uploads\/sites\/2\/2022\/04\/a2_coslada_4.jpg\",\"contentUrl\":\"https:\/\/www.merlinproperties.com\/en\/wp-content\/uploads\/sites\/2\/2022\/04\/a2_coslada_4.jpg\",\"width\":1920,\"height\":1080,\"caption\":\"A2-Coslada\"},{\"@type\":\"WebSite\",\"@id\":\"https:\/\/www.merlinproperties.com\/en\/#website\",\"url\":\"https:\/\/www.merlinproperties.com\/en\/\",\"name\":\"Merlin Properties Socimi, S.A. (EN)\",\"description\":\"Compa\u00f1\u00eda Inmobiliaria, cotizada, l\u00edder en el sector de activos terciarios en la Pen\u00ednsula Ib\u00e9rica.\",\"publisher\":{\"@id\":\"https:\/\/www.merlinproperties.com\/en\/#organization\"},\"potentialAction\":[{\"@type\":\"SearchAction\",\"target\":{\"@type\":\"EntryPoint\",\"urlTemplate\":\"https:\/\/www.merlinproperties.com\/en\/?s={search_term_string}\"},\"query-input\":{\"@type\":\"PropertyValueSpecification\",\"valueRequired\":true,\"valueName\":\"search_term_string\"}}],\"inLanguage\":\"es\"},{\"@type\":\"Organization\",\"@id\":\"https:\/\/www.merlinproperties.com\/en\/#organization\",\"name\":\"Merlin Properties Socimi, S.A. (EN)\",\"url\":\"https:\/\/www.merlinproperties.com\/en\/\",\"logo\":{\"@type\":\"ImageObject\",\"inLanguage\":\"es\",\"@id\":\"https:\/\/www.merlinproperties.com\/en\/#\/schema\/logo\/image\/\",\"url\":\"https:\/\/www.merlinproperties.com\/en\/wp-content\/uploads\/sites\/2\/2023\/03\/Merlin-Logo-Horizontal-Negativo-scaled-2.png\",\"contentUrl\":\"https:\/\/www.merlinproperties.com\/en\/wp-content\/uploads\/sites\/2\/2023\/03\/Merlin-Logo-Horizontal-Negativo-scaled-2.png\",\"width\":600,\"height\":204,\"caption\":\"Merlin Properties Socimi, S.A. (EN)\"},\"image\":{\"@id\":\"https:\/\/www.merlinproperties.com\/en\/#\/schema\/logo\/image\/\"}}]}<\/script>\n<!-- \/ Yoast SEO plugin. -->","yoast_head_json":{"title":"Logistics - Merlin Properties Socimi, S.A. (EN)","description":"Ubicados en las principales ciudades y con las mejores conexiones de la pen\u00ednsula Iberica. Enfocados en el servicio al cliente y ejecuci\u00f3n de proyectos con los m\u00e1ximos est\u00e1ndares de calidad y eficiencia.","robots":{"index":"index","follow":"follow","max-snippet":"max-snippet:-1","max-image-preview":"max-image-preview:large","max-video-preview":"max-video-preview:-1"},"canonical":"https:\/\/www.merlinproperties.com\/en\/logistics\/","og_locale":"es_ES","og_type":"article","og_title":"Logistics - Merlin Properties Socimi, S.A. (EN)","og_description":"Ubicados en las principales ciudades y con las mejores conexiones de la pen\u00ednsula Iberica. Enfocados en el servicio al cliente y ejecuci\u00f3n de proyectos con los m\u00e1ximos est\u00e1ndares de calidad y eficiencia.","og_url":"https:\/\/www.merlinproperties.com\/en\/logistics\/","og_site_name":"Merlin Properties Socimi, S.A. (EN)","article_modified_time":"2026-01-30T12:20:45+00:00","og_image":[{"width":1920,"height":1080,"url":"https:\/\/www.merlinproperties.com\/en\/wp-content\/uploads\/sites\/2\/2022\/04\/a2_coslada_4.jpg","type":"image\/jpeg"}],"twitter_card":"summary_large_image","twitter_misc":{"Tiempo de lectura":"1 minuto"},"schema":{"@context":"https:\/\/schema.org","@graph":[{"@type":"WebPage","@id":"https:\/\/www.merlinproperties.com\/en\/logistics\/","url":"https:\/\/www.merlinproperties.com\/en\/logistics\/","name":"Logistics - Merlin Properties Socimi, S.A. (EN)","isPartOf":{"@id":"https:\/\/www.merlinproperties.com\/en\/#website"},"primaryImageOfPage":{"@id":"https:\/\/www.merlinproperties.com\/en\/logistics\/#primaryimage"},"image":{"@id":"https:\/\/www.merlinproperties.com\/en\/logistics\/#primaryimage"},"thumbnailUrl":"https:\/\/www.merlinproperties.com\/en\/wp-content\/uploads\/sites\/2\/2022\/04\/a2_coslada_4.jpg","datePublished":"2021-12-02T15:46:17+00:00","dateModified":"2026-01-30T12:20:45+00:00","description":"Ubicados en las principales ciudades y con las mejores conexiones de la pen\u00ednsula Iberica. Enfocados en el servicio al cliente y ejecuci\u00f3n de proyectos con los m\u00e1ximos est\u00e1ndares de calidad y eficiencia.","inLanguage":"es","potentialAction":[{"@type":"ReadAction","target":["https:\/\/www.merlinproperties.com\/en\/logistics\/"]}]},{"@type":"ImageObject","inLanguage":"es","@id":"https:\/\/www.merlinproperties.com\/en\/logistics\/#primaryimage","url":"https:\/\/www.merlinproperties.com\/en\/wp-content\/uploads\/sites\/2\/2022\/04\/a2_coslada_4.jpg","contentUrl":"https:\/\/www.merlinproperties.com\/en\/wp-content\/uploads\/sites\/2\/2022\/04\/a2_coslada_4.jpg","width":1920,"height":1080,"caption":"A2-Coslada"},{"@type":"WebSite","@id":"https:\/\/www.merlinproperties.com\/en\/#website","url":"https:\/\/www.merlinproperties.com\/en\/","name":"Merlin Properties Socimi, S.A. (EN)","description":"Compa\u00f1\u00eda Inmobiliaria, cotizada, l\u00edder en el sector de activos terciarios en la Pen\u00ednsula Ib\u00e9rica.","publisher":{"@id":"https:\/\/www.merlinproperties.com\/en\/#organization"},"potentialAction":[{"@type":"SearchAction","target":{"@type":"EntryPoint","urlTemplate":"https:\/\/www.merlinproperties.com\/en\/?s={search_term_string}"},"query-input":{"@type":"PropertyValueSpecification","valueRequired":true,"valueName":"search_term_string"}}],"inLanguage":"es"},{"@type":"Organization","@id":"https:\/\/www.merlinproperties.com\/en\/#organization","name":"Merlin Properties Socimi, S.A. (EN)","url":"https:\/\/www.merlinproperties.com\/en\/","logo":{"@type":"ImageObject","inLanguage":"es","@id":"https:\/\/www.merlinproperties.com\/en\/#\/schema\/logo\/image\/","url":"https:\/\/www.merlinproperties.com\/en\/wp-content\/uploads\/sites\/2\/2023\/03\/Merlin-Logo-Horizontal-Negativo-scaled-2.png","contentUrl":"https:\/\/www.merlinproperties.com\/en\/wp-content\/uploads\/sites\/2\/2023\/03\/Merlin-Logo-Horizontal-Negativo-scaled-2.png","width":600,"height":204,"caption":"Merlin Properties Socimi, S.A. (EN)"},"image":{"@id":"https:\/\/www.merlinproperties.com\/en\/#\/schema\/logo\/image\/"}}]}},"_links":{"self":[{"href":"https:\/\/www.merlinproperties.com\/en\/wp-json\/wp\/v2\/pages\/39","targetHints":{"allow":["GET"]}}],"collection":[{"href":"https:\/\/www.merlinproperties.com\/en\/wp-json\/wp\/v2\/pages"}],"about":[{"href":"https:\/\/www.merlinproperties.com\/en\/wp-json\/wp\/v2\/types\/page"}],"author":[{"embeddable":true,"href":"https:\/\/www.merlinproperties.com\/en\/wp-json\/wp\/v2\/users\/13"}],"replies":[{"embeddable":true,"href":"https:\/\/www.merlinproperties.com\/en\/wp-json\/wp\/v2\/comments?post=39"}],"version-history":[{"count":3,"href":"https:\/\/www.merlinproperties.com\/en\/wp-json\/wp\/v2\/pages\/39\/revisions"}],"predecessor-version":[{"id":9398,"href":"https:\/\/www.merlinproperties.com\/en\/wp-json\/wp\/v2\/pages\/39\/revisions\/9398"}],"wp:featuredmedia":[{"embeddable":true,"href":"https:\/\/www.merlinproperties.com\/en\/wp-json\/wp\/v2\/media\/4460"}],"wp:attachment":[{"href":"https:\/\/www.merlinproperties.com\/en\/wp-json\/wp\/v2\/media?parent=39"}],"wp:term":[{"taxonomy":"category","embeddable":true,"href":"https:\/\/www.merlinproperties.com\/en\/wp-json\/wp\/v2\/categories?post=39"}],"curies":[{"name":"wp","href":"https:\/\/api.w.org\/{rel}","templated":true}]}}