{"id":2096,"date":"2022-04-21T09:27:30","date_gmt":"2022-04-21T09:27:30","guid":{"rendered":"https:\/\/www.merlinproperties.com\/?page_id=2096"},"modified":"2025-05-08T07:36:06","modified_gmt":"2025-05-08T07:36:06","slug":"retail-innovation","status":"publish","type":"page","link":"https:\/\/www.merlinproperties.com\/en\/retail-innovation\/","title":{"rendered":"Retail Innovation"},"content":{"rendered":"","protected":false},"excerpt":{"rendered":"","protected":false},"author":13,"featured_media":2092,"parent":0,"menu_order":0,"comment_status":"closed","ping_status":"closed","template":"","meta":{"footnotes":""},"categories":[],"class_list":["post-2096","page","type-page","status-publish","has-post-thumbnail","hentry"],"acf":[],"yoast_head":"<!-- This site is optimized with the Yoast SEO plugin v26.5 - https:\/\/yoast.com\/wordpress\/plugins\/seo\/ -->\n<title>Retail Innovation - Merlin Properties Socimi, S.A. (EN)<\/title>\n<meta name=\"description\" content=\"En MERLIN trabajamos continuamente para optimizar la relaci\u00f3n oferta\/demanda en nuestros centros. Nos adelantamos a lo que nuestros clientes esperan para crear experiencias \u00fanicas y diferenciales que dinamizan las afluencias.Mantenemos acuerdos de colaboraci\u00f3n con Lanzadera y con el ISDI para estar en contacto continuo con startups y empresas de base tecnol\u00f3gica que presentan nuevas formas de enfocar nuestro mercado.\" \/>\n<meta name=\"robots\" content=\"index, follow, max-snippet:-1, max-image-preview:large, max-video-preview:-1\" \/>\n<link rel=\"canonical\" href=\"https:\/\/www.merlinproperties.com\/en\/retail-innovation\/\" \/>\n<meta property=\"og:locale\" content=\"es_ES\" \/>\n<meta property=\"og:type\" content=\"article\" \/>\n<meta property=\"og:title\" content=\"Retail Innovation - Merlin Properties Socimi, S.A. (EN)\" \/>\n<meta property=\"og:description\" content=\"En MERLIN trabajamos continuamente para optimizar la relaci\u00f3n oferta\/demanda en nuestros centros. Nos adelantamos a lo que nuestros clientes esperan para crear experiencias \u00fanicas y diferenciales que dinamizan las afluencias.Mantenemos acuerdos de colaboraci\u00f3n con Lanzadera y con el ISDI para estar en contacto continuo con startups y empresas de base tecnol\u00f3gica que presentan nuevas formas de enfocar nuestro mercado.\" \/>\n<meta property=\"og:url\" content=\"https:\/\/www.merlinproperties.com\/en\/retail-innovation\/\" \/>\n<meta property=\"og:site_name\" content=\"Merlin Properties Socimi, S.A. (EN)\" \/>\n<meta property=\"article:modified_time\" content=\"2025-05-08T07:36:06+00:00\" \/>\n<meta property=\"og:image\" content=\"https:\/\/www.merlinproperties.com\/en\/wp-content\/uploads\/sites\/2\/2022\/04\/Portada-especiality-leasing.png\" \/>\n\t<meta property=\"og:image:width\" content=\"1920\" \/>\n\t<meta property=\"og:image:height\" content=\"1171\" \/>\n\t<meta property=\"og:image:type\" content=\"image\/png\" \/>\n<meta name=\"twitter:card\" content=\"summary_large_image\" \/>\n<script type=\"application\/ld+json\" class=\"yoast-schema-graph\">{\"@context\":\"https:\/\/schema.org\",\"@graph\":[{\"@type\":\"WebPage\",\"@id\":\"https:\/\/www.merlinproperties.com\/en\/retail-innovation\/\",\"url\":\"https:\/\/www.merlinproperties.com\/en\/retail-innovation\/\",\"name\":\"Retail Innovation - Merlin Properties Socimi, S.A. (EN)\",\"isPartOf\":{\"@id\":\"https:\/\/www.merlinproperties.com\/en\/#website\"},\"primaryImageOfPage\":{\"@id\":\"https:\/\/www.merlinproperties.com\/en\/retail-innovation\/#primaryimage\"},\"image\":{\"@id\":\"https:\/\/www.merlinproperties.com\/en\/retail-innovation\/#primaryimage\"},\"thumbnailUrl\":\"https:\/\/www.merlinproperties.com\/en\/wp-content\/uploads\/sites\/2\/2022\/04\/Portada-especiality-leasing.png\",\"datePublished\":\"2022-04-21T09:27:30+00:00\",\"dateModified\":\"2025-05-08T07:36:06+00:00\",\"description\":\"En MERLIN trabajamos continuamente para optimizar la relaci\u00f3n oferta\/demanda en nuestros centros. Nos adelantamos a lo que nuestros clientes esperan para crear experiencias \u00fanicas y diferenciales que dinamizan las afluencias.Mantenemos acuerdos de colaboraci\u00f3n con Lanzadera y con el ISDI para estar en contacto continuo con startups y empresas de base tecnol\u00f3gica que presentan nuevas formas de enfocar nuestro mercado.\",\"inLanguage\":\"es\",\"potentialAction\":[{\"@type\":\"ReadAction\",\"target\":[\"https:\/\/www.merlinproperties.com\/en\/retail-innovation\/\"]}]},{\"@type\":\"ImageObject\",\"inLanguage\":\"es\",\"@id\":\"https:\/\/www.merlinproperties.com\/en\/retail-innovation\/#primaryimage\",\"url\":\"https:\/\/www.merlinproperties.com\/en\/wp-content\/uploads\/sites\/2\/2022\/04\/Portada-especiality-leasing.png\",\"contentUrl\":\"https:\/\/www.merlinproperties.com\/en\/wp-content\/uploads\/sites\/2\/2022\/04\/Portada-especiality-leasing.png\",\"width\":1920,\"height\":1171},{\"@type\":\"WebSite\",\"@id\":\"https:\/\/www.merlinproperties.com\/en\/#website\",\"url\":\"https:\/\/www.merlinproperties.com\/en\/\",\"name\":\"Merlin Properties Socimi, S.A. (EN)\",\"description\":\"Compa\u00f1\u00eda Inmobiliaria, cotizada, l\u00edder en el sector de activos terciarios en la Pen\u00ednsula Ib\u00e9rica.\",\"publisher\":{\"@id\":\"https:\/\/www.merlinproperties.com\/en\/#organization\"},\"potentialAction\":[{\"@type\":\"SearchAction\",\"target\":{\"@type\":\"EntryPoint\",\"urlTemplate\":\"https:\/\/www.merlinproperties.com\/en\/?s={search_term_string}\"},\"query-input\":{\"@type\":\"PropertyValueSpecification\",\"valueRequired\":true,\"valueName\":\"search_term_string\"}}],\"inLanguage\":\"es\"},{\"@type\":\"Organization\",\"@id\":\"https:\/\/www.merlinproperties.com\/en\/#organization\",\"name\":\"Merlin Properties Socimi, S.A. (EN)\",\"url\":\"https:\/\/www.merlinproperties.com\/en\/\",\"logo\":{\"@type\":\"ImageObject\",\"inLanguage\":\"es\",\"@id\":\"https:\/\/www.merlinproperties.com\/en\/#\/schema\/logo\/image\/\",\"url\":\"https:\/\/www.merlinproperties.com\/en\/wp-content\/uploads\/sites\/2\/2023\/03\/Merlin-Logo-Horizontal-Negativo-scaled-2.png\",\"contentUrl\":\"https:\/\/www.merlinproperties.com\/en\/wp-content\/uploads\/sites\/2\/2023\/03\/Merlin-Logo-Horizontal-Negativo-scaled-2.png\",\"width\":600,\"height\":204,\"caption\":\"Merlin Properties Socimi, S.A. (EN)\"},\"image\":{\"@id\":\"https:\/\/www.merlinproperties.com\/en\/#\/schema\/logo\/image\/\"}}]}<\/script>\n<!-- \/ Yoast SEO plugin. -->","yoast_head_json":{"title":"Retail Innovation - Merlin Properties Socimi, S.A. (EN)","description":"En MERLIN trabajamos continuamente para optimizar la relaci\u00f3n oferta\/demanda en nuestros centros. Nos adelantamos a lo que nuestros clientes esperan para crear experiencias \u00fanicas y diferenciales que dinamizan las afluencias.Mantenemos acuerdos de colaboraci\u00f3n con Lanzadera y con el ISDI para estar en contacto continuo con startups y empresas de base tecnol\u00f3gica que presentan nuevas formas de enfocar nuestro mercado.","robots":{"index":"index","follow":"follow","max-snippet":"max-snippet:-1","max-image-preview":"max-image-preview:large","max-video-preview":"max-video-preview:-1"},"canonical":"https:\/\/www.merlinproperties.com\/en\/retail-innovation\/","og_locale":"es_ES","og_type":"article","og_title":"Retail Innovation - Merlin Properties Socimi, S.A. (EN)","og_description":"En MERLIN trabajamos continuamente para optimizar la relaci\u00f3n oferta\/demanda en nuestros centros. Nos adelantamos a lo que nuestros clientes esperan para crear experiencias \u00fanicas y diferenciales que dinamizan las afluencias.Mantenemos acuerdos de colaboraci\u00f3n con Lanzadera y con el ISDI para estar en contacto continuo con startups y empresas de base tecnol\u00f3gica que presentan nuevas formas de enfocar nuestro mercado.","og_url":"https:\/\/www.merlinproperties.com\/en\/retail-innovation\/","og_site_name":"Merlin Properties Socimi, S.A. (EN)","article_modified_time":"2025-05-08T07:36:06+00:00","og_image":[{"width":1920,"height":1171,"url":"https:\/\/www.merlinproperties.com\/en\/wp-content\/uploads\/sites\/2\/2022\/04\/Portada-especiality-leasing.png","type":"image\/png"}],"twitter_card":"summary_large_image","schema":{"@context":"https:\/\/schema.org","@graph":[{"@type":"WebPage","@id":"https:\/\/www.merlinproperties.com\/en\/retail-innovation\/","url":"https:\/\/www.merlinproperties.com\/en\/retail-innovation\/","name":"Retail Innovation - Merlin Properties Socimi, S.A. (EN)","isPartOf":{"@id":"https:\/\/www.merlinproperties.com\/en\/#website"},"primaryImageOfPage":{"@id":"https:\/\/www.merlinproperties.com\/en\/retail-innovation\/#primaryimage"},"image":{"@id":"https:\/\/www.merlinproperties.com\/en\/retail-innovation\/#primaryimage"},"thumbnailUrl":"https:\/\/www.merlinproperties.com\/en\/wp-content\/uploads\/sites\/2\/2022\/04\/Portada-especiality-leasing.png","datePublished":"2022-04-21T09:27:30+00:00","dateModified":"2025-05-08T07:36:06+00:00","description":"En MERLIN trabajamos continuamente para optimizar la relaci\u00f3n oferta\/demanda en nuestros centros. Nos adelantamos a lo que nuestros clientes esperan para crear experiencias \u00fanicas y diferenciales que dinamizan las afluencias.Mantenemos acuerdos de colaboraci\u00f3n con Lanzadera y con el ISDI para estar en contacto continuo con startups y empresas de base tecnol\u00f3gica que presentan nuevas formas de enfocar nuestro mercado.","inLanguage":"es","potentialAction":[{"@type":"ReadAction","target":["https:\/\/www.merlinproperties.com\/en\/retail-innovation\/"]}]},{"@type":"ImageObject","inLanguage":"es","@id":"https:\/\/www.merlinproperties.com\/en\/retail-innovation\/#primaryimage","url":"https:\/\/www.merlinproperties.com\/en\/wp-content\/uploads\/sites\/2\/2022\/04\/Portada-especiality-leasing.png","contentUrl":"https:\/\/www.merlinproperties.com\/en\/wp-content\/uploads\/sites\/2\/2022\/04\/Portada-especiality-leasing.png","width":1920,"height":1171},{"@type":"WebSite","@id":"https:\/\/www.merlinproperties.com\/en\/#website","url":"https:\/\/www.merlinproperties.com\/en\/","name":"Merlin Properties Socimi, S.A. (EN)","description":"Compa\u00f1\u00eda Inmobiliaria, cotizada, l\u00edder en el sector de activos terciarios en la Pen\u00ednsula Ib\u00e9rica.","publisher":{"@id":"https:\/\/www.merlinproperties.com\/en\/#organization"},"potentialAction":[{"@type":"SearchAction","target":{"@type":"EntryPoint","urlTemplate":"https:\/\/www.merlinproperties.com\/en\/?s={search_term_string}"},"query-input":{"@type":"PropertyValueSpecification","valueRequired":true,"valueName":"search_term_string"}}],"inLanguage":"es"},{"@type":"Organization","@id":"https:\/\/www.merlinproperties.com\/en\/#organization","name":"Merlin Properties Socimi, S.A. (EN)","url":"https:\/\/www.merlinproperties.com\/en\/","logo":{"@type":"ImageObject","inLanguage":"es","@id":"https:\/\/www.merlinproperties.com\/en\/#\/schema\/logo\/image\/","url":"https:\/\/www.merlinproperties.com\/en\/wp-content\/uploads\/sites\/2\/2023\/03\/Merlin-Logo-Horizontal-Negativo-scaled-2.png","contentUrl":"https:\/\/www.merlinproperties.com\/en\/wp-content\/uploads\/sites\/2\/2023\/03\/Merlin-Logo-Horizontal-Negativo-scaled-2.png","width":600,"height":204,"caption":"Merlin Properties Socimi, S.A. (EN)"},"image":{"@id":"https:\/\/www.merlinproperties.com\/en\/#\/schema\/logo\/image\/"}}]}},"_links":{"self":[{"href":"https:\/\/www.merlinproperties.com\/en\/wp-json\/wp\/v2\/pages\/2096","targetHints":{"allow":["GET"]}}],"collection":[{"href":"https:\/\/www.merlinproperties.com\/en\/wp-json\/wp\/v2\/pages"}],"about":[{"href":"https:\/\/www.merlinproperties.com\/en\/wp-json\/wp\/v2\/types\/page"}],"author":[{"embeddable":true,"href":"https:\/\/www.merlinproperties.com\/en\/wp-json\/wp\/v2\/users\/13"}],"replies":[{"embeddable":true,"href":"https:\/\/www.merlinproperties.com\/en\/wp-json\/wp\/v2\/comments?post=2096"}],"version-history":[{"count":1,"href":"https:\/\/www.merlinproperties.com\/en\/wp-json\/wp\/v2\/pages\/2096\/revisions"}],"predecessor-version":[{"id":8591,"href":"https:\/\/www.merlinproperties.com\/en\/wp-json\/wp\/v2\/pages\/2096\/revisions\/8591"}],"wp:featuredmedia":[{"embeddable":true,"href":"https:\/\/www.merlinproperties.com\/en\/wp-json\/wp\/v2\/media\/2092"}],"wp:attachment":[{"href":"https:\/\/www.merlinproperties.com\/en\/wp-json\/wp\/v2\/media?parent=2096"}],"wp:term":[{"taxonomy":"category","embeddable":true,"href":"https:\/\/www.merlinproperties.com\/en\/wp-json\/wp\/v2\/categories?post=2096"}],"curies":[{"name":"wp","href":"https:\/\/api.w.org\/{rel}","templated":true}]}}