{"id":2080,"date":"2022-04-21T08:24:03","date_gmt":"2022-04-21T08:24:03","guid":{"rendered":"https:\/\/www.merlinproperties.com\/?page_id=2080"},"modified":"2025-05-08T07:36:07","modified_gmt":"2025-05-08T07:36:07","slug":"speciality-leasing","status":"publish","type":"page","link":"https:\/\/www.merlinproperties.com\/en\/speciality-leasing\/","title":{"rendered":"Speciality leasing"},"content":{"rendered":"","protected":false},"excerpt":{"rendered":"","protected":false},"author":13,"featured_media":0,"parent":0,"menu_order":0,"comment_status":"closed","ping_status":"closed","template":"","meta":{"footnotes":""},"categories":[],"class_list":["post-2080","page","type-page","status-publish","hentry"],"acf":[],"yoast_head":"<!-- This site is optimized with the Yoast SEO plugin v26.5 - https:\/\/yoast.com\/wordpress\/plugins\/seo\/ -->\n<title>Speciality leasing - Merlin Properties Socimi, S.A. (EN)<\/title>\n<meta name=\"description\" content=\"Ofrecemos diversidad de espacios creando oportunidades para los diferentes modelos de negocio. Pensado para activar la venta temporal.\" \/>\n<meta name=\"robots\" content=\"index, follow, max-snippet:-1, max-image-preview:large, max-video-preview:-1\" \/>\n<link rel=\"canonical\" href=\"https:\/\/www.merlinproperties.com\/en\/speciality-leasing\/\" \/>\n<meta property=\"og:locale\" content=\"es_ES\" \/>\n<meta property=\"og:type\" content=\"article\" \/>\n<meta property=\"og:title\" content=\"Speciality leasing - Merlin Properties Socimi, S.A. (EN)\" \/>\n<meta property=\"og:description\" content=\"Ofrecemos diversidad de espacios creando oportunidades para los diferentes modelos de negocio. Pensado para activar la venta temporal.\" \/>\n<meta property=\"og:url\" content=\"https:\/\/www.merlinproperties.com\/en\/speciality-leasing\/\" \/>\n<meta property=\"og:site_name\" content=\"Merlin Properties Socimi, S.A. (EN)\" \/>\n<meta property=\"article:modified_time\" content=\"2025-05-08T07:36:07+00:00\" \/>\n<meta name=\"twitter:card\" content=\"summary_large_image\" \/>\n<script type=\"application\/ld+json\" class=\"yoast-schema-graph\">{\"@context\":\"https:\/\/schema.org\",\"@graph\":[{\"@type\":\"WebPage\",\"@id\":\"https:\/\/www.merlinproperties.com\/en\/speciality-leasing\/\",\"url\":\"https:\/\/www.merlinproperties.com\/en\/speciality-leasing\/\",\"name\":\"Speciality leasing - Merlin Properties Socimi, S.A. (EN)\",\"isPartOf\":{\"@id\":\"https:\/\/www.merlinproperties.com\/en\/#website\"},\"datePublished\":\"2022-04-21T08:24:03+00:00\",\"dateModified\":\"2025-05-08T07:36:07+00:00\",\"description\":\"Ofrecemos diversidad de espacios creando oportunidades para los diferentes modelos de negocio. Pensado para activar la venta temporal.\",\"inLanguage\":\"es\",\"potentialAction\":[{\"@type\":\"ReadAction\",\"target\":[\"https:\/\/www.merlinproperties.com\/en\/speciality-leasing\/\"]}]},{\"@type\":\"WebSite\",\"@id\":\"https:\/\/www.merlinproperties.com\/en\/#website\",\"url\":\"https:\/\/www.merlinproperties.com\/en\/\",\"name\":\"Merlin Properties Socimi, S.A. (EN)\",\"description\":\"Compa\u00f1\u00eda Inmobiliaria, cotizada, l\u00edder en el sector de activos terciarios en la Pen\u00ednsula Ib\u00e9rica.\",\"publisher\":{\"@id\":\"https:\/\/www.merlinproperties.com\/en\/#organization\"},\"potentialAction\":[{\"@type\":\"SearchAction\",\"target\":{\"@type\":\"EntryPoint\",\"urlTemplate\":\"https:\/\/www.merlinproperties.com\/en\/?s={search_term_string}\"},\"query-input\":{\"@type\":\"PropertyValueSpecification\",\"valueRequired\":true,\"valueName\":\"search_term_string\"}}],\"inLanguage\":\"es\"},{\"@type\":\"Organization\",\"@id\":\"https:\/\/www.merlinproperties.com\/en\/#organization\",\"name\":\"Merlin Properties Socimi, S.A. (EN)\",\"url\":\"https:\/\/www.merlinproperties.com\/en\/\",\"logo\":{\"@type\":\"ImageObject\",\"inLanguage\":\"es\",\"@id\":\"https:\/\/www.merlinproperties.com\/en\/#\/schema\/logo\/image\/\",\"url\":\"https:\/\/www.merlinproperties.com\/en\/wp-content\/uploads\/sites\/2\/2023\/03\/Merlin-Logo-Horizontal-Negativo-scaled-2.png\",\"contentUrl\":\"https:\/\/www.merlinproperties.com\/en\/wp-content\/uploads\/sites\/2\/2023\/03\/Merlin-Logo-Horizontal-Negativo-scaled-2.png\",\"width\":600,\"height\":204,\"caption\":\"Merlin Properties Socimi, S.A. (EN)\"},\"image\":{\"@id\":\"https:\/\/www.merlinproperties.com\/en\/#\/schema\/logo\/image\/\"}}]}<\/script>\n<!-- \/ Yoast SEO plugin. -->","yoast_head_json":{"title":"Speciality leasing - Merlin Properties Socimi, S.A. (EN)","description":"Ofrecemos diversidad de espacios creando oportunidades para los diferentes modelos de negocio. Pensado para activar la venta temporal.","robots":{"index":"index","follow":"follow","max-snippet":"max-snippet:-1","max-image-preview":"max-image-preview:large","max-video-preview":"max-video-preview:-1"},"canonical":"https:\/\/www.merlinproperties.com\/en\/speciality-leasing\/","og_locale":"es_ES","og_type":"article","og_title":"Speciality leasing - Merlin Properties Socimi, S.A. (EN)","og_description":"Ofrecemos diversidad de espacios creando oportunidades para los diferentes modelos de negocio. Pensado para activar la venta temporal.","og_url":"https:\/\/www.merlinproperties.com\/en\/speciality-leasing\/","og_site_name":"Merlin Properties Socimi, S.A. (EN)","article_modified_time":"2025-05-08T07:36:07+00:00","twitter_card":"summary_large_image","schema":{"@context":"https:\/\/schema.org","@graph":[{"@type":"WebPage","@id":"https:\/\/www.merlinproperties.com\/en\/speciality-leasing\/","url":"https:\/\/www.merlinproperties.com\/en\/speciality-leasing\/","name":"Speciality leasing - Merlin Properties Socimi, S.A. (EN)","isPartOf":{"@id":"https:\/\/www.merlinproperties.com\/en\/#website"},"datePublished":"2022-04-21T08:24:03+00:00","dateModified":"2025-05-08T07:36:07+00:00","description":"Ofrecemos diversidad de espacios creando oportunidades para los diferentes modelos de negocio. Pensado para activar la venta temporal.","inLanguage":"es","potentialAction":[{"@type":"ReadAction","target":["https:\/\/www.merlinproperties.com\/en\/speciality-leasing\/"]}]},{"@type":"WebSite","@id":"https:\/\/www.merlinproperties.com\/en\/#website","url":"https:\/\/www.merlinproperties.com\/en\/","name":"Merlin Properties Socimi, S.A. (EN)","description":"Compa\u00f1\u00eda Inmobiliaria, cotizada, l\u00edder en el sector de activos terciarios en la Pen\u00ednsula Ib\u00e9rica.","publisher":{"@id":"https:\/\/www.merlinproperties.com\/en\/#organization"},"potentialAction":[{"@type":"SearchAction","target":{"@type":"EntryPoint","urlTemplate":"https:\/\/www.merlinproperties.com\/en\/?s={search_term_string}"},"query-input":{"@type":"PropertyValueSpecification","valueRequired":true,"valueName":"search_term_string"}}],"inLanguage":"es"},{"@type":"Organization","@id":"https:\/\/www.merlinproperties.com\/en\/#organization","name":"Merlin Properties Socimi, S.A. (EN)","url":"https:\/\/www.merlinproperties.com\/en\/","logo":{"@type":"ImageObject","inLanguage":"es","@id":"https:\/\/www.merlinproperties.com\/en\/#\/schema\/logo\/image\/","url":"https:\/\/www.merlinproperties.com\/en\/wp-content\/uploads\/sites\/2\/2023\/03\/Merlin-Logo-Horizontal-Negativo-scaled-2.png","contentUrl":"https:\/\/www.merlinproperties.com\/en\/wp-content\/uploads\/sites\/2\/2023\/03\/Merlin-Logo-Horizontal-Negativo-scaled-2.png","width":600,"height":204,"caption":"Merlin Properties Socimi, S.A. (EN)"},"image":{"@id":"https:\/\/www.merlinproperties.com\/en\/#\/schema\/logo\/image\/"}}]}},"_links":{"self":[{"href":"https:\/\/www.merlinproperties.com\/en\/wp-json\/wp\/v2\/pages\/2080","targetHints":{"allow":["GET"]}}],"collection":[{"href":"https:\/\/www.merlinproperties.com\/en\/wp-json\/wp\/v2\/pages"}],"about":[{"href":"https:\/\/www.merlinproperties.com\/en\/wp-json\/wp\/v2\/types\/page"}],"author":[{"embeddable":true,"href":"https:\/\/www.merlinproperties.com\/en\/wp-json\/wp\/v2\/users\/13"}],"replies":[{"embeddable":true,"href":"https:\/\/www.merlinproperties.com\/en\/wp-json\/wp\/v2\/comments?post=2080"}],"version-history":[{"count":1,"href":"https:\/\/www.merlinproperties.com\/en\/wp-json\/wp\/v2\/pages\/2080\/revisions"}],"predecessor-version":[{"id":8594,"href":"https:\/\/www.merlinproperties.com\/en\/wp-json\/wp\/v2\/pages\/2080\/revisions\/8594"}],"wp:attachment":[{"href":"https:\/\/www.merlinproperties.com\/en\/wp-json\/wp\/v2\/media?parent=2080"}],"wp:term":[{"taxonomy":"category","embeddable":true,"href":"https:\/\/www.merlinproperties.com\/en\/wp-json\/wp\/v2\/categories?post=2080"}],"curies":[{"name":"wp","href":"https:\/\/api.w.org\/{rel}","templated":true}]}}