{"id":17,"date":"2021-12-02T15:24:42","date_gmt":"2021-12-02T15:24:42","guid":{"rendered":"https:\/\/www.merlinproperties.com?page_id=17"},"modified":"2025-10-13T10:41:30","modified_gmt":"2025-10-13T10:41:30","slug":"cookies-policy","status":"publish","type":"page","link":"https:\/\/www.merlinproperties.com\/en\/cookies-policy\/","title":{"rendered":"Cookies policy"},"content":{"rendered":"<p><script id=\"CookieDeclaration\" src=\"https:\/\/consent.cookiebot.com\/9e4c6faa-d8a0-4469-b4a1-b9f3d48fe0ec\/cd.js\" type=\"text\/javascript\" async><\/script><\/p>\n<p><strong>How can Cookies be deleted or deactivated?<\/strong><\/p>\n<p>&nbsp;<\/p>\n<p>Although the User can manage the cookies on the Website in the Configuration Panel above, if they wish, they can also manage the installation of cookies through the configuration of their web browser. Most web browsers allow you to manage, at any time, the User&#8217;s preferences regarding the use of Cookies. The User can adjust their browser to reject Cookies or delete certain Cookies at their discretion. The user is informed that some of the Website services will not work if the browser does not accept cookies.<\/p>\n<p>&nbsp;<\/p>\n<p>To configure Cookies, the User can access the following links on how to manage the use of cookies depending on the browser used:<\/p>\n<p>&nbsp;<\/p>\n<p>Google Chrome:<br \/>\nhttps:\/\/support.google.com\/chrome\/answer\/95647?co=GENIE.Platform%3DDesktop&#038;hl=es<\/p>\n<p>Mozilla Firefox:<br \/>\nhttps:\/\/support.mozilla.org\/es\/kb\/habilitar-y-deshabilitar-cookies-sitios-web-rastrear-preferences<\/p>\n<p>Internet Explorer:<br \/>\nhttps:\/\/support.microsoft.com\/es-es\/help\/17442\/windows-internet-explorer-delete-manage-cookies<\/p>\n<p>Safari:<br \/>\nhttps:\/\/support.apple.com\/es-es\/guide\/safari\/sfri11471\/mac<\/p>\n<p>Safari (IOS):<br \/>\nhttps:\/\/support.apple.com\/es-es\/HT201265<\/p>\n<p>Opera:<br \/>\nhttps:\/\/help.opera.com\/en\/latest\/web-preferences\/#cookies<\/p>\n<p>Microsoft Edge:<br \/>\nhttps:\/\/support.microsoft.com\/en-us\/help\/4468242\/microsoft-edge-browsing-data-and-privacy-microsoft-privacy<\/p>\n<p>The User can revoke their consent to the use of cookies in their browser through the instructions above.<\/p>\n<p>&nbsp;<\/p>\n<p><strong>Updates and changes to the Privacy and Cookies Policy<\/strong><\/p>\n<p>&nbsp;<\/p>\n<p>We may modify the information contained in this Privacy and Cookies Policy when we deem it appropriate or when necessary due to new interpretations made by the competent regulatory body, judges, or Courts, so the User is requested to regularly check their content, taking advantage of the fact that you will always find it available in the footer of the Website.<\/p>\n<p>&nbsp;<\/p>\n<p>When significant changes occur in this Privacy and Cookies Policy, it will be communicated (either through an informative notice when accessing the Website or via email for registered Users).<\/p>\n<p>&nbsp;<\/p>\n<p><strong>Contact MERLIN PROPERTIES SOCIMI S.A<\/strong><\/p>\n<p>If you have questions or questions to transmit to MERLIN PROPERTIES SOCIMI S.A in relation to the Cookies Policy, you can write to our Data Protection Officer at Paseo de la Castellana, 257, 28046, Madrid (Spain), or to the following address: email: protecciondedatos@merlinprop.com.<\/p>\n<p>&nbsp;<\/p>\n<p>&nbsp;<\/p>\n<p>\u00a9 2023 MERLIN Properties SOCIMI S.A. All rights reserved.<\/p>\n<p>Last updated: December 2023<\/p>\n","protected":false},"excerpt":{"rendered":"<p>How can Cookies be deleted or deactivated? &nbsp; Although the User can manage the cookies on the Website in the Configuration Panel above, if they wish, they can also manage the installation of cookies through the configuration of their web browser. Most web browsers allow you to manage, at any time, the User&#8217;s preferences regarding [&hellip;]<\/p>\n","protected":false},"author":13,"featured_media":4711,"parent":0,"menu_order":0,"comment_status":"closed","ping_status":"closed","template":"","meta":{"footnotes":""},"categories":[89],"class_list":["post-17","page","type-page","status-publish","has-post-thumbnail","hentry","category-legal"],"acf":[],"yoast_head":"<!-- This site is optimized with the Yoast SEO plugin v26.5 - https:\/\/yoast.com\/wordpress\/plugins\/seo\/ -->\n<title>Cookies policy - Merlin Properties Socimi, S.A. (EN)<\/title>\n<meta name=\"description\" content=\"Cookies propias, de sesi\u00f3n, con finalidad t\u00e9cnica (permiten a la persona usuaria\u00a0la navegaci\u00f3n a trav\u00e9s del sitio web y la utilizaci\u00f3n de las diferentes opciones y servicios).\" \/>\n<meta name=\"robots\" content=\"index, follow, max-snippet:-1, max-image-preview:large, max-video-preview:-1\" \/>\n<link rel=\"canonical\" href=\"https:\/\/www.merlinproperties.com\/en\/cookies-policy\/\" \/>\n<meta property=\"og:locale\" content=\"es_ES\" \/>\n<meta property=\"og:type\" content=\"article\" \/>\n<meta property=\"og:title\" content=\"Cookies policy - Merlin Properties Socimi, S.A. (EN)\" \/>\n<meta property=\"og:description\" content=\"Cookies propias, de sesi\u00f3n, con finalidad t\u00e9cnica (permiten a la persona usuaria\u00a0la navegaci\u00f3n a trav\u00e9s del sitio web y la utilizaci\u00f3n de las diferentes opciones y servicios).\" \/>\n<meta property=\"og:url\" content=\"https:\/\/www.merlinproperties.com\/en\/cookies-policy\/\" \/>\n<meta property=\"og:site_name\" content=\"Merlin Properties Socimi, S.A. (EN)\" \/>\n<meta property=\"article:modified_time\" content=\"2025-10-13T10:41:30+00:00\" \/>\n<meta property=\"og:image\" content=\"https:\/\/www.merlinproperties.com\/en\/wp-content\/uploads\/sites\/2\/2022\/06\/politica_cookies_header.jpg\" \/>\n\t<meta property=\"og:image:width\" content=\"1920\" \/>\n\t<meta property=\"og:image:height\" content=\"497\" \/>\n\t<meta property=\"og:image:type\" content=\"image\/jpeg\" \/>\n<meta name=\"twitter:card\" content=\"summary_large_image\" \/>\n<meta name=\"twitter:label1\" content=\"Tiempo de lectura\" \/>\n\t<meta name=\"twitter:data1\" content=\"2 minutos\" \/>\n<script type=\"application\/ld+json\" class=\"yoast-schema-graph\">{\"@context\":\"https:\/\/schema.org\",\"@graph\":[{\"@type\":\"WebPage\",\"@id\":\"https:\/\/www.merlinproperties.com\/en\/cookies-policy\/\",\"url\":\"https:\/\/www.merlinproperties.com\/en\/cookies-policy\/\",\"name\":\"Cookies policy - Merlin Properties Socimi, S.A. (EN)\",\"isPartOf\":{\"@id\":\"https:\/\/www.merlinproperties.com\/en\/#website\"},\"primaryImageOfPage\":{\"@id\":\"https:\/\/www.merlinproperties.com\/en\/cookies-policy\/#primaryimage\"},\"image\":{\"@id\":\"https:\/\/www.merlinproperties.com\/en\/cookies-policy\/#primaryimage\"},\"thumbnailUrl\":\"https:\/\/www.merlinproperties.com\/en\/wp-content\/uploads\/sites\/2\/2022\/06\/politica_cookies_header.jpg\",\"datePublished\":\"2021-12-02T15:24:42+00:00\",\"dateModified\":\"2025-10-13T10:41:30+00:00\",\"description\":\"Cookies propias, de sesi\u00f3n, con finalidad t\u00e9cnica (permiten a la persona usuaria\u00a0la navegaci\u00f3n a trav\u00e9s del sitio web y la utilizaci\u00f3n de las diferentes opciones y servicios).\",\"inLanguage\":\"es\",\"potentialAction\":[{\"@type\":\"ReadAction\",\"target\":[\"https:\/\/www.merlinproperties.com\/en\/cookies-policy\/\"]}]},{\"@type\":\"ImageObject\",\"inLanguage\":\"es\",\"@id\":\"https:\/\/www.merlinproperties.com\/en\/cookies-policy\/#primaryimage\",\"url\":\"https:\/\/www.merlinproperties.com\/en\/wp-content\/uploads\/sites\/2\/2022\/06\/politica_cookies_header.jpg\",\"contentUrl\":\"https:\/\/www.merlinproperties.com\/en\/wp-content\/uploads\/sites\/2\/2022\/06\/politica_cookies_header.jpg\",\"width\":1920,\"height\":497},{\"@type\":\"WebSite\",\"@id\":\"https:\/\/www.merlinproperties.com\/en\/#website\",\"url\":\"https:\/\/www.merlinproperties.com\/en\/\",\"name\":\"Merlin Properties Socimi, S.A. (EN)\",\"description\":\"Compa\u00f1\u00eda Inmobiliaria, cotizada, l\u00edder en el sector de activos terciarios en la Pen\u00ednsula Ib\u00e9rica.\",\"publisher\":{\"@id\":\"https:\/\/www.merlinproperties.com\/en\/#organization\"},\"potentialAction\":[{\"@type\":\"SearchAction\",\"target\":{\"@type\":\"EntryPoint\",\"urlTemplate\":\"https:\/\/www.merlinproperties.com\/en\/?s={search_term_string}\"},\"query-input\":{\"@type\":\"PropertyValueSpecification\",\"valueRequired\":true,\"valueName\":\"search_term_string\"}}],\"inLanguage\":\"es\"},{\"@type\":\"Organization\",\"@id\":\"https:\/\/www.merlinproperties.com\/en\/#organization\",\"name\":\"Merlin Properties Socimi, S.A. (EN)\",\"url\":\"https:\/\/www.merlinproperties.com\/en\/\",\"logo\":{\"@type\":\"ImageObject\",\"inLanguage\":\"es\",\"@id\":\"https:\/\/www.merlinproperties.com\/en\/#\/schema\/logo\/image\/\",\"url\":\"https:\/\/www.merlinproperties.com\/en\/wp-content\/uploads\/sites\/2\/2023\/03\/Merlin-Logo-Horizontal-Negativo-scaled-2.png\",\"contentUrl\":\"https:\/\/www.merlinproperties.com\/en\/wp-content\/uploads\/sites\/2\/2023\/03\/Merlin-Logo-Horizontal-Negativo-scaled-2.png\",\"width\":600,\"height\":204,\"caption\":\"Merlin Properties Socimi, S.A. (EN)\"},\"image\":{\"@id\":\"https:\/\/www.merlinproperties.com\/en\/#\/schema\/logo\/image\/\"}}]}<\/script>\n<!-- \/ Yoast SEO plugin. -->","yoast_head_json":{"title":"Cookies policy - Merlin Properties Socimi, S.A. (EN)","description":"Cookies propias, de sesi\u00f3n, con finalidad t\u00e9cnica (permiten a la persona usuaria\u00a0la navegaci\u00f3n a trav\u00e9s del sitio web y la utilizaci\u00f3n de las diferentes opciones y servicios).","robots":{"index":"index","follow":"follow","max-snippet":"max-snippet:-1","max-image-preview":"max-image-preview:large","max-video-preview":"max-video-preview:-1"},"canonical":"https:\/\/www.merlinproperties.com\/en\/cookies-policy\/","og_locale":"es_ES","og_type":"article","og_title":"Cookies policy - Merlin Properties Socimi, S.A. (EN)","og_description":"Cookies propias, de sesi\u00f3n, con finalidad t\u00e9cnica (permiten a la persona usuaria\u00a0la navegaci\u00f3n a trav\u00e9s del sitio web y la utilizaci\u00f3n de las diferentes opciones y servicios).","og_url":"https:\/\/www.merlinproperties.com\/en\/cookies-policy\/","og_site_name":"Merlin Properties Socimi, S.A. (EN)","article_modified_time":"2025-10-13T10:41:30+00:00","og_image":[{"width":1920,"height":497,"url":"https:\/\/www.merlinproperties.com\/en\/wp-content\/uploads\/sites\/2\/2022\/06\/politica_cookies_header.jpg","type":"image\/jpeg"}],"twitter_card":"summary_large_image","twitter_misc":{"Tiempo de lectura":"2 minutos"},"schema":{"@context":"https:\/\/schema.org","@graph":[{"@type":"WebPage","@id":"https:\/\/www.merlinproperties.com\/en\/cookies-policy\/","url":"https:\/\/www.merlinproperties.com\/en\/cookies-policy\/","name":"Cookies policy - Merlin Properties Socimi, S.A. (EN)","isPartOf":{"@id":"https:\/\/www.merlinproperties.com\/en\/#website"},"primaryImageOfPage":{"@id":"https:\/\/www.merlinproperties.com\/en\/cookies-policy\/#primaryimage"},"image":{"@id":"https:\/\/www.merlinproperties.com\/en\/cookies-policy\/#primaryimage"},"thumbnailUrl":"https:\/\/www.merlinproperties.com\/en\/wp-content\/uploads\/sites\/2\/2022\/06\/politica_cookies_header.jpg","datePublished":"2021-12-02T15:24:42+00:00","dateModified":"2025-10-13T10:41:30+00:00","description":"Cookies propias, de sesi\u00f3n, con finalidad t\u00e9cnica (permiten a la persona usuaria\u00a0la navegaci\u00f3n a trav\u00e9s del sitio web y la utilizaci\u00f3n de las diferentes opciones y servicios).","inLanguage":"es","potentialAction":[{"@type":"ReadAction","target":["https:\/\/www.merlinproperties.com\/en\/cookies-policy\/"]}]},{"@type":"ImageObject","inLanguage":"es","@id":"https:\/\/www.merlinproperties.com\/en\/cookies-policy\/#primaryimage","url":"https:\/\/www.merlinproperties.com\/en\/wp-content\/uploads\/sites\/2\/2022\/06\/politica_cookies_header.jpg","contentUrl":"https:\/\/www.merlinproperties.com\/en\/wp-content\/uploads\/sites\/2\/2022\/06\/politica_cookies_header.jpg","width":1920,"height":497},{"@type":"WebSite","@id":"https:\/\/www.merlinproperties.com\/en\/#website","url":"https:\/\/www.merlinproperties.com\/en\/","name":"Merlin Properties Socimi, S.A. (EN)","description":"Compa\u00f1\u00eda Inmobiliaria, cotizada, l\u00edder en el sector de activos terciarios en la Pen\u00ednsula Ib\u00e9rica.","publisher":{"@id":"https:\/\/www.merlinproperties.com\/en\/#organization"},"potentialAction":[{"@type":"SearchAction","target":{"@type":"EntryPoint","urlTemplate":"https:\/\/www.merlinproperties.com\/en\/?s={search_term_string}"},"query-input":{"@type":"PropertyValueSpecification","valueRequired":true,"valueName":"search_term_string"}}],"inLanguage":"es"},{"@type":"Organization","@id":"https:\/\/www.merlinproperties.com\/en\/#organization","name":"Merlin Properties Socimi, S.A. (EN)","url":"https:\/\/www.merlinproperties.com\/en\/","logo":{"@type":"ImageObject","inLanguage":"es","@id":"https:\/\/www.merlinproperties.com\/en\/#\/schema\/logo\/image\/","url":"https:\/\/www.merlinproperties.com\/en\/wp-content\/uploads\/sites\/2\/2023\/03\/Merlin-Logo-Horizontal-Negativo-scaled-2.png","contentUrl":"https:\/\/www.merlinproperties.com\/en\/wp-content\/uploads\/sites\/2\/2023\/03\/Merlin-Logo-Horizontal-Negativo-scaled-2.png","width":600,"height":204,"caption":"Merlin Properties Socimi, S.A. (EN)"},"image":{"@id":"https:\/\/www.merlinproperties.com\/en\/#\/schema\/logo\/image\/"}}]}},"_links":{"self":[{"href":"https:\/\/www.merlinproperties.com\/en\/wp-json\/wp\/v2\/pages\/17","targetHints":{"allow":["GET"]}}],"collection":[{"href":"https:\/\/www.merlinproperties.com\/en\/wp-json\/wp\/v2\/pages"}],"about":[{"href":"https:\/\/www.merlinproperties.com\/en\/wp-json\/wp\/v2\/types\/page"}],"author":[{"embeddable":true,"href":"https:\/\/www.merlinproperties.com\/en\/wp-json\/wp\/v2\/users\/13"}],"replies":[{"embeddable":true,"href":"https:\/\/www.merlinproperties.com\/en\/wp-json\/wp\/v2\/comments?post=17"}],"version-history":[{"count":3,"href":"https:\/\/www.merlinproperties.com\/en\/wp-json\/wp\/v2\/pages\/17\/revisions"}],"predecessor-version":[{"id":9162,"href":"https:\/\/www.merlinproperties.com\/en\/wp-json\/wp\/v2\/pages\/17\/revisions\/9162"}],"wp:featuredmedia":[{"embeddable":true,"href":"https:\/\/www.merlinproperties.com\/en\/wp-json\/wp\/v2\/media\/4711"}],"wp:attachment":[{"href":"https:\/\/www.merlinproperties.com\/en\/wp-json\/wp\/v2\/media?parent=17"}],"wp:term":[{"taxonomy":"category","embeddable":true,"href":"https:\/\/www.merlinproperties.com\/en\/wp-json\/wp\/v2\/categories?post=17"}],"curies":[{"name":"wp","href":"https:\/\/api.w.org\/{rel}","templated":true}]}}